{"id":371280,"date":"2024-03-05T11:56:18","date_gmt":"2024-03-05T10:56:18","guid":{"rendered":"https:\/\/www.salvalacqua.com\/solutions-personnalisees\/"},"modified":"2024-04-08T17:20:20","modified_gmt":"2024-04-08T15:20:20","slug":"solutions-personnalisees","status":"publish","type":"page","link":"https:\/\/www.salvalacqua.com\/fr\/solutions-personnalisees\/","title":{"rendered":"Solutions personnalis\u00e9es"},"content":{"rendered":"<p>[et_pb_section fb_built=\u00a0\u00bb1&Prime; admin_label=\u00a0\u00bbSection\u00a0\u00bb _builder_version=\u00a0\u00bb4.24.2&Prime; _module_preset=\u00a0\u00bbdefault\u00a0\u00bb background_color=\u00a0\u00bb#FFFFFF\u00a0\u00bb custom_margin=\u00a0\u00bb||||false|false\u00a0\u00bb custom_padding=\u00a0\u00bb7vh||7vh||true|false\u00a0\u00bb da_disable_devices=\u00a0\u00bboff|off|off\u00a0\u00bb border_color_bottom=\u00a0\u00bb#0262A7&Prime; global_colors_info=\u00a0\u00bb{}\u00a0\u00bb da_is_popup=\u00a0\u00bboff\u00a0\u00bb da_exit_intent=\u00a0\u00bboff\u00a0\u00bb da_has_close=\u00a0\u00bbon\u00a0\u00bb da_alt_close=\u00a0\u00bboff\u00a0\u00bb da_dark_close=\u00a0\u00bboff\u00a0\u00bb da_not_modal=\u00a0\u00bbon\u00a0\u00bb da_is_singular=\u00a0\u00bboff\u00a0\u00bb da_with_loader=\u00a0\u00bboff\u00a0\u00bb da_has_shadow=\u00a0\u00bbon\u00a0\u00bb][et_pb_row use_custom_gutter=\u00a0\u00bbon\u00a0\u00bb gutter_width=\u00a0\u00bb2&Prime; module_class=\u00a0\u00bbet-hover-container\u00a0\u00bb _builder_version=\u00a0\u00bb4.24.2&Prime; _module_preset=\u00a0\u00bbdefault\u00a0\u00bb width=\u00a0\u00bb100%\u00a0\u00bb max_width=\u00a0\u00bb70%\u00a0\u00bb max_width_tablet=\u00a0\u00bb80%\u00a0\u00bb max_width_phone=\u00a0\u00bb90%\u00a0\u00bb max_width_last_edited=\u00a0\u00bbon|desktop\u00a0\u00bb overflow-x=\u00a0\u00bbvisible\u00a0\u00bb overflow-y=\u00a0\u00bbvisible\u00a0\u00bb custom_padding=\u00a0\u00bb7vh|4vw|0px|4vw|false|true\u00a0\u00bb global_colors_info=\u00a0\u00bb{}\u00a0\u00bb][et_pb_column type=\u00a0\u00bb4_4&Prime; _builder_version=\u00a0\u00bb4.24.0&Prime; _module_preset=\u00a0\u00bbdefault\u00a0\u00bb global_colors_info=\u00a0\u00bb{}\u00a0\u00bb][et_pb_text _builder_version=\u00a0\u00bb4.24.2&Prime; _module_preset=\u00a0\u00bbdefault\u00a0\u00bb header_font=\u00a0\u00bb|700||on|||||\u00a0\u00bb header_text_color=\u00a0\u00bb#0262A7&Prime; header_font_size=\u00a0\u00bb50px\u00a0\u00bb header_font_size_tablet=\u00a0\u00bb50px\u00a0\u00bb header_font_size_phone=\u00a0\u00bb35px\u00a0\u00bb header_font_size_last_edited=\u00a0\u00bbon|phone\u00a0\u00bb custom_css_free_form=\u00a0\u00bbh1 span { border: 8px solid #ffc600; padding: 0px 10px; border-radius: 8px}\u00a0\u00bb global_colors_info=\u00a0\u00bb{}\u00a0\u00bb]<\/p>\n<h1>Solutions personnalis\u00e9es<\/h1>\n<p>[\/et_pb_text][\/et_pb_column][\/et_pb_row][et_pb_row column_structure=\u00a0\u00bb1_2,1_2&Prime; use_custom_gutter=\u00a0\u00bbon\u00a0\u00bb gutter_width=\u00a0\u00bb2&Prime; module_class=\u00a0\u00bbet-hover-container\u00a0\u00bb _builder_version=\u00a0\u00bb4.24.2&Prime; _module_preset=\u00a0\u00bbdefault\u00a0\u00bb width=\u00a0\u00bb100%\u00a0\u00bb max_width=\u00a0\u00bb70%\u00a0\u00bb max_width_tablet=\u00a0\u00bb80%\u00a0\u00bb max_width_phone=\u00a0\u00bb90%\u00a0\u00bb max_width_last_edited=\u00a0\u00bbon|desktop\u00a0\u00bb overflow-x=\u00a0\u00bbvisible\u00a0\u00bb overflow-y=\u00a0\u00bbvisible\u00a0\u00bb custom_padding=\u00a0\u00bb|4vw|0vh|4vw|false|true\u00a0\u00bb custom_css_main_element=\u00a0\u00bbdisplay: flex;||flex-wrap: wrap;\u00a0\u00bb global_colors_info=\u00a0\u00bb{}\u00a0\u00bb][et_pb_column type=\u00a0\u00bb1_2&Prime; module_class=\u00a0\u00bbet-mousemove-card\u00a0\u00bb _builder_version=\u00a0\u00bb4.24.2&Prime; _module_preset=\u00a0\u00bbdefault\u00a0\u00bb background_color=\u00a0\u00bbrgba(196,226,242,0.35)\u00a0\u00bb background_enable_image=\u00a0\u00bboff\u00a0\u00bb background_size=\u00a0\u00bbinitial\u00a0\u00bb background_position=\u00a0\u00bbtop_center\u00a0\u00bb background_blend=\u00a0\u00bboverlay\u00a0\u00bb overflow-x=\u00a0\u00bbvisible\u00a0\u00bb overflow-y=\u00a0\u00bbvisible\u00a0\u00bb custom_padding=\u00a0\u00bb10vh|5%|10vh|5%|true|true\u00a0\u00bb custom_padding_tablet=\u00a0\u00bb10vh|5%|10vh|5%|true|true\u00a0\u00bb custom_padding_phone=\u00a0\u00bb2vh|5%|2vh|5%|true|true\u00a0\u00bb custom_padding_last_edited=\u00a0\u00bbon|phone\u00a0\u00bb animation_style=\u00a0\u00bbzoom\u00a0\u00bb hover_enabled=\u00a0\u00bb0&Prime; custom_css_main_element=\u00a0\u00bbmax-width: 600px;\u00a0\u00bb border_radii=\u00a0\u00bbon|30px|30px|30px|30px\u00a0\u00bb border_width_all=\u00a0\u00bb4px\u00a0\u00bb border_color_all=\u00a0\u00bb#FFFFFF\u00a0\u00bb box_shadow_style=\u00a0\u00bbpreset1&Prime; box_shadow_vertical=\u00a0\u00bb0px\u00a0\u00bb box_shadow_blur=\u00a0\u00bb50px\u00a0\u00bb box_shadow_color=\u00a0\u00bbrgba(0,0,0,0.2)\u00a0\u00bb global_colors_info=\u00a0\u00bb{}\u00a0\u00bb custom_css_main_element_last_edited=\u00a0\u00bbon|phone\u00a0\u00bb custom_css_main_element_phone=\u00a0\u00bborder: 1;\u00a0\u00bb custom_css_main_element_tablet=\u00a0\u00bbmax-width: 600px;\u00a0\u00bb sticky_enabled=\u00a0\u00bb0&Prime;][et_pb_text _builder_version=\u00a0\u00bb4.24.2&Prime; _module_preset=\u00a0\u00bbdefault\u00a0\u00bb global_colors_info=\u00a0\u00bb{}\u00a0\u00bb]<\/p>\n<p><strong>SALVALACQUA<\/strong> A con\u00e7oit des solutions personnalis\u00e9es pour les laboratoires artisanaux ou industriels, en fonction des besoins, des espaces disponibles et du nombre de machines requises.<\/p>\n<p>Un service professionnel qui permet \u00e0 chacun de ne pas utiliser et jeter plus d\u2019eau courante, am\u00e9liorant ainsi la production avec des \u00e9conomies d\u2019argent significatives.<\/p>\n<p>[\/et_pb_text][\/et_pb_column][et_pb_column type=\u00a0\u00bb1_2&Prime; module_class=\u00a0\u00bbet-mousemove-card\u00a0\u00bb _builder_version=\u00a0\u00bb4.24.2&Prime; _module_preset=\u00a0\u00bbdefault\u00a0\u00bb background_color=\u00a0\u00bb#C4E2F2&Prime; background_image=\u00a0\u00bbhttps:\/\/www.salvalacqua.com\/wp-content\/uploads\/2024\/03\/soluzioni-personalizzate.jpg\u00a0\u00bb overflow-x=\u00a0\u00bbvisible\u00a0\u00bb overflow-y=\u00a0\u00bbvisible\u00a0\u00bb custom_padding=\u00a0\u00bb10vh|5%|10vh|5%|true|true\u00a0\u00bb animation_style=\u00a0\u00bbzoom\u00a0\u00bb custom_css_main_element=\u00a0\u00bbmax-width: 600px;\u00a0\u00bb border_radii=\u00a0\u00bbon|30px|30px|30px|30px\u00a0\u00bb border_width_all=\u00a0\u00bb4px\u00a0\u00bb border_color_all=\u00a0\u00bb#FFFFFF\u00a0\u00bb box_shadow_style=\u00a0\u00bbpreset1&Prime; box_shadow_vertical=\u00a0\u00bb0px\u00a0\u00bb box_shadow_blur=\u00a0\u00bb50px\u00a0\u00bb box_shadow_color=\u00a0\u00bbrgba(0,0,0,0.2)\u00a0\u00bb global_colors_info=\u00a0\u00bb{}\u00a0\u00bb custom_css_main_element_last_edited=\u00a0\u00bbon|phone\u00a0\u00bb custom_css_main_element_phone=\u00a0\u00bborder: 1;\u00a0\u00bb custom_css_main_element_tablet=\u00a0\u00bbmax-width: 600px;\u00a0\u00bb][\/et_pb_column][\/et_pb_row][et_pb_row _builder_version=\u00a0\u00bb4.24.2&Prime; _module_preset=\u00a0\u00bbdefault\u00a0\u00bb max_width=\u00a0\u00bb1180px\u00a0\u00bb scroll_vertical_motion_enable=\u00a0\u00bbon\u00a0\u00bb scroll_vertical_motion=\u00a0\u00bb0|50|50|100|1|0|0&Prime; locked=\u00a0\u00bboff\u00a0\u00bb global_colors_info=\u00a0\u00bb{}\u00a0\u00bb][et_pb_column type=\u00a0\u00bb4_4&Prime; _builder_version=\u00a0\u00bb4.24.2&Prime; _module_preset=\u00a0\u00bbdefault\u00a0\u00bb global_colors_info=\u00a0\u00bb{}\u00a0\u00bb][et_pb_cta title=\u00a0\u00bbLigne sur mesure\u00a0\u00bb button_url=\u00a0\u00bb@ET-DC@eyJkeW5hbWljIjp0cnVlLCJjb250ZW50IjoicG9zdF9saW5rX3VybF9wYWdlIiwic2V0dGluZ3MiOnsicG9zdF9pZCI6IjM3MDkwOSJ9fQ==@\u00a0\u00bb button_text=\u00a0\u00bbContactez nous\u00a0\u00bb _builder_version=\u00a0\u00bb4.24.2&Prime; _dynamic_attributes=\u00a0\u00bbbutton_url\u00a0\u00bb _module_preset=\u00a0\u00bbdefault\u00a0\u00bb background_image=\u00a0\u00bbhttps:\/\/www.salvalacqua.com\/wp-content\/uploads\/2024\/02\/infinite-water.png\u00a0\u00bb background_size=\u00a0\u00bbinitial\u00a0\u00bb background_blend=\u00a0\u00bbmultiply\u00a0\u00bb custom_button=\u00a0\u00bbon\u00a0\u00bb button_text_color=\u00a0\u00bb#FFFFFF\u00a0\u00bb button_bg_color=\u00a0\u00bb#12395B\u00a0\u00bb button_border_width=\u00a0\u00bb0px\u00a0\u00bb button_border_radius=\u00a0\u00bb0px\u00a0\u00bb button_font=\u00a0\u00bb|||on|||||\u00a0\u00bb button_alignment=\u00a0\u00bbcenter\u00a0\u00bb border_radii=\u00a0\u00bbon|20px|20px|20px|20px\u00a0\u00bb global_colors_info=\u00a0\u00bb{}\u00a0\u00bb]<\/p>\n<p>Nous sommes experts dans la compr\u00e9hension des besoins sp\u00e9cifiques de nos clients et dans la fourniture de solutions personnalis\u00e9es qui r\u00e9pondent parfaitement \u00e0 leurs exigences. Avec SALVALACQUA, vous b\u00e9n\u00e9ficiez d&rsquo;un \u00e9conomiseur d&rsquo;eau adapt\u00e9 \u00e0 votre atelier artisanal ou industriel, en tenant compte de l&rsquo;espace disponible et du nombre de machines \u00e0 raccorder. Notre service professionnel vous permet d&rsquo;utiliser et d&rsquo;\u00e9conomiser davantage d&rsquo;eau courante, d&rsquo;am\u00e9liorer la production et de r\u00e9aliser des \u00e9conomies. Contactez-nous pour savoir comment nous pouvons vous aider \u00e0 optimiser votre production et \u00e0 atteindre vos objectifs.<\/p>\n<p>[\/et_pb_cta][\/et_pb_column][\/et_pb_row][\/et_pb_section]<\/p>\n","protected":false},"excerpt":{"rendered":"<p>Solutions personnalis\u00e9esSALVALACQUA A con\u00e7oit des solutions personnalis\u00e9es pour les laboratoires artisanaux ou industriels, en fonction des besoins, des espaces disponibles et du nombre de machines requises. Un service professionnel qui permet \u00e0 chacun de ne pas utiliser et jeter plus d\u2019eau courante, am\u00e9liorant ainsi la production avec des \u00e9conomies d\u2019argent significatives.Nous sommes experts dans la [&hellip;]<\/p>\n","protected":false},"author":1,"featured_media":0,"parent":0,"menu_order":0,"comment_status":"closed","ping_status":"closed","template":"","meta":{"_et_pb_use_builder":"on","_et_pb_old_content":"","_et_gb_content_width":"","rank_math_lock_modified_date":false,"footnotes":""},"class_list":["post-371280","page","type-page","status-publish","hentry"],"_links":{"self":[{"href":"https:\/\/www.salvalacqua.com\/fr\/wp-json\/wp\/v2\/pages\/371280","targetHints":{"allow":["GET"]}}],"collection":[{"href":"https:\/\/www.salvalacqua.com\/fr\/wp-json\/wp\/v2\/pages"}],"about":[{"href":"https:\/\/www.salvalacqua.com\/fr\/wp-json\/wp\/v2\/types\/page"}],"author":[{"embeddable":true,"href":"https:\/\/www.salvalacqua.com\/fr\/wp-json\/wp\/v2\/users\/1"}],"replies":[{"embeddable":true,"href":"https:\/\/www.salvalacqua.com\/fr\/wp-json\/wp\/v2\/comments?post=371280"}],"version-history":[{"count":2,"href":"https:\/\/www.salvalacqua.com\/fr\/wp-json\/wp\/v2\/pages\/371280\/revisions"}],"predecessor-version":[{"id":371282,"href":"https:\/\/www.salvalacqua.com\/fr\/wp-json\/wp\/v2\/pages\/371280\/revisions\/371282"}],"wp:attachment":[{"href":"https:\/\/www.salvalacqua.com\/fr\/wp-json\/wp\/v2\/media?parent=371280"}],"curies":[{"name":"wp","href":"https:\/\/api.w.org\/{rel}","templated":true}]}}