{"id":371320,"date":"2024-03-01T11:14:31","date_gmt":"2024-03-01T10:14:31","guid":{"rendered":"https:\/\/www.salvalacqua.com\/por-que-elegir-salvalacqua\/"},"modified":"2024-04-09T17:37:01","modified_gmt":"2024-04-09T15:37:01","slug":"por-que-elegir-salvalacqua","status":"publish","type":"page","link":"https:\/\/www.salvalacqua.com\/es\/por-que-elegir-salvalacqua\/","title":{"rendered":"Por qu\u00e9 elegir SALVALACQUA"},"content":{"rendered":"<p>[et_pb_section fb_built=\u00bb1&#8243; admin_label=\u00bbSection\u00bb _builder_version=\u00bb4.24.2&#8243; _module_preset=\u00bbdefault\u00bb background_color=\u00bb#FFFFFF\u00bb custom_margin=\u00bb||||false|false\u00bb custom_padding=\u00bb7vh||7vh||true|false\u00bb da_disable_devices=\u00bboff|off|off\u00bb border_color_bottom=\u00bb#0262A7&#8243; global_colors_info=\u00bb{}\u00bb da_is_popup=\u00bboff\u00bb da_exit_intent=\u00bboff\u00bb da_has_close=\u00bbon\u00bb da_alt_close=\u00bboff\u00bb da_dark_close=\u00bboff\u00bb da_not_modal=\u00bbon\u00bb da_is_singular=\u00bboff\u00bb da_with_loader=\u00bboff\u00bb da_has_shadow=\u00bbon\u00bb][et_pb_row use_custom_gutter=\u00bbon\u00bb gutter_width=\u00bb2&#8243; module_class=\u00bbet-hover-container\u00bb _builder_version=\u00bb4.24.2&#8243; _module_preset=\u00bbdefault\u00bb width=\u00bb100%\u00bb max_width=\u00bb70%\u00bb max_width_tablet=\u00bb80%\u00bb max_width_phone=\u00bb90%\u00bb max_width_last_edited=\u00bbon|desktop\u00bb overflow-x=\u00bbvisible\u00bb overflow-y=\u00bbvisible\u00bb custom_padding=\u00bb7vh|4vw|0px|4vw|false|true\u00bb global_colors_info=\u00bb{}\u00bb][et_pb_column type=\u00bb4_4&#8243; _builder_version=\u00bb4.24.0&#8243; _module_preset=\u00bbdefault\u00bb global_colors_info=\u00bb{}\u00bb][et_pb_text _builder_version=\u00bb4.24.2&#8243; _module_preset=\u00bbdefault\u00bb header_font=\u00bb|700||on|||||\u00bb header_text_color=\u00bb#0262A7&#8243; header_font_size=\u00bb50px\u00bb custom_css_free_form=\u00bbh1 span { border: 8px solid #ffc600; padding: 0px 10px; border-radius: 8px}\u00bb global_colors_info=\u00bb{}\u00bb]<\/p>\n<h1>Por qu\u00e9 elegir SALVALACQUA<\/h1>\n<p>[\/et_pb_text][\/et_pb_column][\/et_pb_row][et_pb_row column_structure=\u00bb1_2,1_2&#8243; use_custom_gutter=\u00bbon\u00bb gutter_width=\u00bb2&#8243; module_class=\u00bbet-hover-container\u00bb _builder_version=\u00bb4.24.2&#8243; _module_preset=\u00bbdefault\u00bb width=\u00bb100%\u00bb max_width=\u00bb70%\u00bb max_width_tablet=\u00bb80%\u00bb max_width_phone=\u00bb90%\u00bb max_width_last_edited=\u00bbon|desktop\u00bb overflow-x=\u00bbvisible\u00bb overflow-y=\u00bbvisible\u00bb custom_padding=\u00bb|4vw|0vh|4vw|false|true\u00bb custom_css_main_element=\u00bbdisplay: flex;||flex-wrap: wrap;\u00bb global_colors_info=\u00bb{}\u00bb][et_pb_column type=\u00bb1_2&#8243; module_class=\u00bbet-mousemove-card\u00bb _builder_version=\u00bb4.24.2&#8243; _module_preset=\u00bbdefault\u00bb background_color=\u00bb#C4E2F2&#8243; background_image=\u00bbhttps:\/\/www.salvalacqua.com\/wp-content\/uploads\/2024\/03\/plus-salvalacqua-ecologia.jpg\u00bb background_size=\u00bbinitial\u00bb background_position=\u00bbtop_center\u00bb background_blend=\u00bboverlay\u00bb overflow-x=\u00bbvisible\u00bb overflow-y=\u00bbvisible\u00bb custom_padding=\u00bb10vh|5%|10vh|5%|true|true\u00bb animation_style=\u00bbzoom\u00bb custom_css_main_element=\u00bbmax-width: 600px;\u00bb border_radii=\u00bbon|30px|30px|30px|30px\u00bb border_width_all=\u00bb4px\u00bb border_color_all=\u00bb#FFFFFF\u00bb box_shadow_style=\u00bbpreset1&#8243; box_shadow_vertical=\u00bb0px\u00bb box_shadow_blur=\u00bb50px\u00bb box_shadow_color=\u00bbrgba(0,0,0,0.2)\u00bb global_colors_info=\u00bb{}\u00bb custom_css_main_element_last_edited=\u00bbon|phone\u00bb custom_css_main_element_phone=\u00bborder: 1;\u00bb custom_css_main_element_tablet=\u00bbmax-width: 600px;\u00bb][et_pb_text admin_label=\u00bbinfo\u00bb module_class=\u00bbet-card-info\u00bb _builder_version=\u00bb4.24.2&#8243; _module_preset=\u00bbdefault\u00bb text_font=\u00bb||||||||\u00bb text_text_color=\u00bb#12395B\u00bb text_font_size=\u00bb18px\u00bb text_line_height=\u00bb1.8em\u00bb header_2_font=\u00bb|700||on|||||\u00bb header_2_text_color=\u00bb#0262A7&#8243; text_orientation=\u00bbcenter\u00bb custom_margin=\u00bb4vh||4vh||true|false\u00bb text_font_size_tablet=\u00bb\u00bb text_font_size_phone=\u00bb16px\u00bb text_font_size_last_edited=\u00bbon|desktop\u00bb global_colors_info=\u00bb{}\u00bb]<\/p>\n<h2>Por una opci\u00f3n ecol\u00f3gica<\/h2>\n<p>no se derrocha m\u00e1s agua potable, un bien preciado para todos, para garantizar una nueva econom\u00eda sostenible.<\/p>\n<p>[\/et_pb_text][\/et_pb_column][et_pb_column type=\u00bb1_2&#8243; module_class=\u00bbet-mousemove-card\u00bb _builder_version=\u00bb4.24.2&#8243; _module_preset=\u00bbdefault\u00bb background_color=\u00bb#C4E2F2&#8243; background_image=\u00bbhttps:\/\/www.salvalacqua.com\/wp-content\/uploads\/2024\/03\/plus-salvalacqua-risparmio.jpg\u00bb background_blend=\u00bboverlay\u00bb overflow-x=\u00bbvisible\u00bb overflow-y=\u00bbvisible\u00bb custom_padding=\u00bb10vh|5%|10vh|5%|true|true\u00bb animation_style=\u00bbzoom\u00bb custom_css_main_element=\u00bbmax-width: 600px;\u00bb border_radii=\u00bbon|30px|30px|30px|30px\u00bb border_width_all=\u00bb4px\u00bb border_color_all=\u00bb#FFFFFF\u00bb box_shadow_style=\u00bbpreset1&#8243; box_shadow_vertical=\u00bb0px\u00bb box_shadow_blur=\u00bb50px\u00bb box_shadow_color=\u00bbrgba(0,0,0,0.2)\u00bb global_colors_info=\u00bb{}\u00bb custom_css_main_element_last_edited=\u00bbon|phone\u00bb custom_css_main_element_phone=\u00bborder: 1;\u00bb custom_css_main_element_tablet=\u00bbmax-width: 600px;\u00bb][et_pb_text admin_label=\u00bbinfo\u00bb module_class=\u00bbet-card-info\u00bb _builder_version=\u00bb4.24.2&#8243; _module_preset=\u00bbdefault\u00bb text_font=\u00bb||||||||\u00bb text_text_color=\u00bb#12395B\u00bb text_font_size=\u00bb18px\u00bb text_line_height=\u00bb1.8em\u00bb header_2_font=\u00bb|700||on|||||\u00bb header_2_text_color=\u00bb#0262A7&#8243; text_orientation=\u00bbcenter\u00bb custom_margin=\u00bb4vh||4vh||true|false\u00bb text_font_size_tablet=\u00bb\u00bb text_font_size_phone=\u00bb16px\u00bb text_font_size_last_edited=\u00bbon|desktop\u00bb global_colors_info=\u00bb{}\u00bb]<\/p>\n<h2>Por una rentabilidad econ\u00f3mica.<\/h2>\n<p>Se deja de consumir agua corriente. El sistema Salvalacqua de circuito cerrado y vaso cerrado no necesita reponer el agua, por lo que se ahorra el 100 % de agua potable.<\/p>\n<p>[\/et_pb_text][\/et_pb_column][\/et_pb_row][et_pb_row column_structure=\u00bb1_2,1_2&#8243; use_custom_gutter=\u00bbon\u00bb gutter_width=\u00bb2&#8243; module_class=\u00bbet-hover-container\u00bb _builder_version=\u00bb4.24.2&#8243; _module_preset=\u00bbdefault\u00bb width=\u00bb100%\u00bb max_width=\u00bb70%\u00bb max_width_tablet=\u00bb80%\u00bb max_width_phone=\u00bb90%\u00bb max_width_last_edited=\u00bbon|desktop\u00bb overflow-x=\u00bbvisible\u00bb overflow-y=\u00bbvisible\u00bb custom_padding=\u00bb|4vw|7vh|4vw|false|true\u00bb custom_css_main_element=\u00bbdisplay: flex;||flex-wrap: wrap;\u00bb global_colors_info=\u00bb{}\u00bb][et_pb_column type=\u00bb1_2&#8243; module_class=\u00bbet-mousemove-card\u00bb _builder_version=\u00bb4.24.2&#8243; _module_preset=\u00bbdefault\u00bb background_color=\u00bb#d7e7f2&#8243; background_image=\u00bbhttps:\/\/www.salvalacqua.com\/wp-content\/uploads\/2024\/03\/plus-salvalacqua-manutenzione01.jpg\u00bb background_position=\u00bbtop_center\u00bb background_blend=\u00bbsoft-light\u00bb overflow-x=\u00bbvisible\u00bb overflow-y=\u00bbvisible\u00bb custom_padding=\u00bb10vh|5%|10vh|5%|true|true\u00bb animation_style=\u00bbzoom\u00bb custom_css_main_element=\u00bbmax-width: 600px;\u00bb border_radii=\u00bbon|30px|30px|30px|30px\u00bb border_width_all=\u00bb4px\u00bb border_color_all=\u00bb#FFFFFF\u00bb box_shadow_style=\u00bbpreset1&#8243; box_shadow_vertical=\u00bb0px\u00bb box_shadow_blur=\u00bb50px\u00bb box_shadow_color=\u00bbrgba(0,0,0,0.2)\u00bb global_colors_info=\u00bb{}\u00bb custom_css_main_element_last_edited=\u00bbon|phone\u00bb custom_css_main_element_phone=\u00bborder: 1;\u00bb custom_css_main_element_tablet=\u00bbmax-width: 600px;\u00bb][et_pb_text admin_label=\u00bbinfo\u00bb module_class=\u00bbet-card-info\u00bb _builder_version=\u00bb4.24.2&#8243; _module_preset=\u00bbdefault\u00bb text_font=\u00bb||||||||\u00bb text_text_color=\u00bb#12395B\u00bb text_font_size=\u00bb18px\u00bb text_line_height=\u00bb1.8em\u00bb header_2_font=\u00bb|700||on|||||\u00bb header_2_text_color=\u00bb#0262A7&#8243; text_orientation=\u00bbcenter\u00bb custom_margin=\u00bb4vh||4vh||true|false\u00bb text_font_size_tablet=\u00bb\u00bb text_font_size_phone=\u00bb16px\u00bb text_font_size_last_edited=\u00bbon|desktop\u00bb global_colors_info=\u00bb{}\u00bb]<\/p>\n<h2>Por una conveniencia t\u00e9cnica<\/h2>\n<p>Las m\u00e1quinas de obrador funcionan a pleno rendimiento con un enfriamiento a temperatura constante de 12- 14 \u00b0C,<br \/>\npor lo que el helado se produce m\u00e1s r\u00e1pido. No se produce cal, lo que supone menos gastos de mantenimiento.[\/et_pb_text][\/et_pb_column][et_pb_column type=\u00bb1_2&#8243; module_class=\u00bbet-mousemove-card\u00bb _builder_version=\u00bb4.24.2&#8243; _module_preset=\u00bbdefault\u00bb background_color=\u00bbrgba(184,215,239,0.93)\u00bb background_image=\u00bbhttps:\/\/www.salvalacqua.com\/wp-content\/uploads\/2024\/03\/plus-salvalacqua-salute02.jpg\u00bb background_blend=\u00bbsoft-light\u00bb overflow-x=\u00bbvisible\u00bb overflow-y=\u00bbvisible\u00bb custom_padding=\u00bb10vh|5%|10vh|5%|true|true\u00bb animation_style=\u00bbzoom\u00bb custom_css_main_element=\u00bbmax-width: 600px;\u00bb border_radii=\u00bbon|30px|30px|30px|30px\u00bb border_width_all=\u00bb4px\u00bb border_color_all=\u00bb#FFFFFF\u00bb box_shadow_style=\u00bbpreset1&#8243; box_shadow_vertical=\u00bb0px\u00bb box_shadow_blur=\u00bb50px\u00bb box_shadow_color=\u00bbrgba(0,0,0,0.2)\u00bb global_colors_info=\u00bb{}\u00bb custom_css_main_element_last_edited=\u00bbon|phone\u00bb custom_css_main_element_phone=\u00bborder: 1;\u00bb custom_css_main_element_tablet=\u00bbmax-width: 600px;\u00bb][et_pb_text admin_label=\u00bbinfo\u00bb module_class=\u00bbet-card-info\u00bb _builder_version=\u00bb4.24.2&#8243; _module_preset=\u00bbdefault\u00bb text_font=\u00bb||||||||\u00bb text_text_color=\u00bb#12395B\u00bb text_font_size=\u00bb18px\u00bb text_line_height=\u00bb1.8em\u00bb header_2_font=\u00bb|700||on|||||\u00bb header_2_text_color=\u00bb#0262A7&#8243; text_orientation=\u00bbcenter\u00bb custom_margin=\u00bb4vh||4vh||true|false\u00bb text_font_size_tablet=\u00bb\u00bb text_font_size_phone=\u00bb16px\u00bb text_font_size_last_edited=\u00bbon|desktop\u00bb global_colors_info=\u00bb{}\u00bb]<\/p>\n<h2>Por una seguridad sanitaria<\/h2>\n<p>El sistema Salvalacqua de circuito cerrado y vaso cerrado elimina por completo el riesgo de generar la peligrosa bacteria legionela, que puede proliferar en otros sistemas con l\u00edquidos en contacto con el exterior.[\/et_pb_text][\/et_pb_column][\/et_pb_row][\/et_pb_section]<\/p>\n","protected":false},"excerpt":{"rendered":"<p>Por qu\u00e9 elegir SALVALACQUAPor una opci\u00f3n ecol\u00f3gica no se derrocha m\u00e1s agua potable, un bien preciado para todos, para garantizar una nueva econom\u00eda sostenible.Por una rentabilidad econ\u00f3mica. Se deja de consumir agua corriente. El sistema Salvalacqua de circuito cerrado y vaso cerrado no necesita reponer el agua, por lo que se ahorra el 100 % [&hellip;]<\/p>\n","protected":false},"author":1,"featured_media":0,"parent":0,"menu_order":0,"comment_status":"closed","ping_status":"closed","template":"","meta":{"_et_pb_use_builder":"on","_et_pb_old_content":"","_et_gb_content_width":"","rank_math_lock_modified_date":false,"footnotes":""},"class_list":["post-371320","page","type-page","status-publish","hentry"],"_links":{"self":[{"href":"https:\/\/www.salvalacqua.com\/es\/wp-json\/wp\/v2\/pages\/371320","targetHints":{"allow":["GET"]}}],"collection":[{"href":"https:\/\/www.salvalacqua.com\/es\/wp-json\/wp\/v2\/pages"}],"about":[{"href":"https:\/\/www.salvalacqua.com\/es\/wp-json\/wp\/v2\/types\/page"}],"author":[{"embeddable":true,"href":"https:\/\/www.salvalacqua.com\/es\/wp-json\/wp\/v2\/users\/1"}],"replies":[{"embeddable":true,"href":"https:\/\/www.salvalacqua.com\/es\/wp-json\/wp\/v2\/comments?post=371320"}],"version-history":[{"count":8,"href":"https:\/\/www.salvalacqua.com\/es\/wp-json\/wp\/v2\/pages\/371320\/revisions"}],"predecessor-version":[{"id":371422,"href":"https:\/\/www.salvalacqua.com\/es\/wp-json\/wp\/v2\/pages\/371320\/revisions\/371422"}],"wp:attachment":[{"href":"https:\/\/www.salvalacqua.com\/es\/wp-json\/wp\/v2\/media?parent=371320"}],"curies":[{"name":"wp","href":"https:\/\/api.w.org\/{rel}","templated":true}]}}