{"id":371289,"date":"2024-03-06T12:00:49","date_gmt":"2024-03-06T11:00:49","guid":{"rendered":"https:\/\/www.salvalacqua.com\/las-ventajas\/"},"modified":"2024-04-09T17:31:13","modified_gmt":"2024-04-09T15:31:13","slug":"las-ventajas","status":"publish","type":"page","link":"https:\/\/www.salvalacqua.com\/es\/las-ventajas\/","title":{"rendered":"Las ventajas"},"content":{"rendered":"<p>[et_pb_section fb_built=\u00bb1&#8243; admin_label=\u00bbSection\u00bb _builder_version=\u00bb4.24.2&#8243; _module_preset=\u00bbdefault\u00bb background_color=\u00bb#FFFFFF\u00bb custom_margin=\u00bb||||false|false\u00bb custom_padding=\u00bb7vh||7vh||true|false\u00bb da_disable_devices=\u00bboff|off|off\u00bb border_color_bottom=\u00bb#0262A7&#8243; global_colors_info=\u00bb{}\u00bb da_is_popup=\u00bboff\u00bb da_exit_intent=\u00bboff\u00bb da_has_close=\u00bbon\u00bb da_alt_close=\u00bboff\u00bb da_dark_close=\u00bboff\u00bb da_not_modal=\u00bbon\u00bb da_is_singular=\u00bboff\u00bb da_with_loader=\u00bboff\u00bb da_has_shadow=\u00bbon\u00bb][et_pb_row use_custom_gutter=\u00bbon\u00bb gutter_width=\u00bb2&#8243; module_class=\u00bbet-hover-container\u00bb _builder_version=\u00bb4.24.2&#8243; _module_preset=\u00bbdefault\u00bb width=\u00bb100%\u00bb max_width=\u00bb70%\u00bb max_width_tablet=\u00bb80%\u00bb max_width_phone=\u00bb90%\u00bb max_width_last_edited=\u00bbon|desktop\u00bb overflow-x=\u00bbvisible\u00bb overflow-y=\u00bbvisible\u00bb custom_padding=\u00bb7vh|4vw|0px|4vw|false|true\u00bb global_colors_info=\u00bb{}\u00bb][et_pb_column type=\u00bb4_4&#8243; _builder_version=\u00bb4.24.0&#8243; _module_preset=\u00bbdefault\u00bb global_colors_info=\u00bb{}\u00bb][et_pb_text _builder_version=\u00bb4.24.2&#8243; _module_preset=\u00bbdefault\u00bb header_font=\u00bb|700||on|||||\u00bb header_text_color=\u00bb#0262A7&#8243; header_font_size=\u00bb50px\u00bb hover_enabled=\u00bb0&#8243; custom_css_free_form=\u00bbh1 span { border: 8px solid #ffc600; padding: 0px 10px; border-radius: 8px}\u00bb global_colors_info=\u00bb{}\u00bb sticky_enabled=\u00bb0&#8243;]<\/p>\n<h1>NUESTRAS VENTAJAS<\/h1>\n<p>[\/et_pb_text][\/et_pb_column][\/et_pb_row][et_pb_row column_structure=\u00bb1_3,2_3&#8243; _builder_version=\u00bb4.24.2&#8243; _module_preset=\u00bbdefault\u00bb border_width_bottom=\u00bb4px\u00bb border_color_bottom=\u00bb#0262A7&#8243; global_colors_info=\u00bb{}\u00bb][et_pb_column type=\u00bb1_3&#8243; _builder_version=\u00bb4.24.2&#8243; _module_preset=\u00bbdefault\u00bb global_colors_info=\u00bb{}\u00bb][et_pb_image src=\u00bbhttps:\/\/www.salvalacqua.com\/wp-content\/uploads\/2024\/03\/bypass-manuale.jpg\u00bb alt=\u00bbBypass Manuel\u00bb title_text=\u00bbbypass-manuel\u00bb _builder_version=\u00bb4.24.2&#8243; _module_preset=\u00bbdefault\u00bb scroll_fade_enable=\u00bbon\u00bb scroll_fade=\u00bb0|50|50|100|0|100|0%\u00bb hover_enabled=\u00bb0&#8243; global_colors_info=\u00bb{}\u00bb sticky_enabled=\u00bb0&#8243;][\/et_pb_image][\/et_pb_column][et_pb_column type=\u00bb2_3&#8243; _builder_version=\u00bb4.24.2&#8243; _module_preset=\u00bbdefault\u00bb global_colors_info=\u00bb{}\u00bb][et_pb_text _builder_version=\u00bb4.24.2&#8243; _module_preset=\u00bbdefault\u00bb header_2_font=\u00bb|||on|||||\u00bb header_2_text_color=\u00bb#0262A7&#8243; custom_padding=\u00bb8px||||false|false\u00bb hover_enabled=\u00bb0&#8243; global_colors_info=\u00bb{}\u00bb sticky_enabled=\u00bb0&#8243; custom_margin=\u00bb||9px|||\u00bb]<\/p>\n<h2>BYPASS MANUAL DE SERIE<\/h2>\n<p>[\/et_pb_text][et_pb_text _builder_version=\u00bb4.24.2&#8243; _module_preset=\u00bbdefault\u00bb custom_margin=\u00bb||||false|false\u00bb custom_padding=\u00bb||59px||false|false\u00bb hover_enabled=\u00bb0&#8243; border_color_bottom=\u00bb#0262A7&#8243; global_colors_info=\u00bb{}\u00bb sticky_enabled=\u00bb0&#8243;]<\/p>\n<h4>EN TODAS LAS VERSIONES DE SLQ Y KUBE<\/h4>\n<p>El bypass es ese sistema que permite pasar al agua corriente en caso de mantenimiento o aver\u00eda del chiller girando una sola palanca.<\/p>\n<p>[\/et_pb_text][et_pb_blurb title=\u00bbBYPASS MANUAL REMOTO\u00bb image=\u00bbhttps:\/\/www.salvalacqua.com\/wp-content\/uploads\/2024\/03\/bypass-manuale-remoto.jpg\u00bb _builder_version=\u00bb4.24.2&#8243; _module_preset=\u00bbdefault\u00bb hover_enabled=\u00bb0&#8243; sticky_enabled=\u00bb0&#8243; title_text=\u00bbbypass-manuale-remoto\u00bb icon_placement=\u00bbleft\u00bb image_icon_width=\u00bb100%\u00bb content_max_width=\u00bb100%\u00bb custom_css_blurb_image=\u00bbmin-width: 200px;||\u00bb border_radii_image=\u00bbon|15px|15px|15px|15px\u00bb header_text_color=\u00bb#0262A7&#8243; header_font_size=\u00bb25px\u00bb]<\/p>\n<p>Se recomienda si las m\u00e1quinas SLQ y KUBE NO INOX est\u00e1n instaladas lejos del obrador.<\/p>\n<p>[\/et_pb_blurb][\/et_pb_column][\/et_pb_row][et_pb_row column_structure=\u00bb1_3,2_3&#8243; _builder_version=\u00bb4.24.2&#8243; _module_preset=\u00bbdefault\u00bb hover_enabled=\u00bb0&#8243; border_color_bottom=\u00bb#0262A7&#8243; global_colors_info=\u00bb{}\u00bb sticky_enabled=\u00bb0&#8243;][et_pb_column type=\u00bb1_3&#8243; _builder_version=\u00bb4.24.2&#8243; _module_preset=\u00bbdefault\u00bb global_colors_info=\u00bb{}\u00bb][et_pb_image src=\u00bbhttps:\/\/www.salvalacqua.com\/wp-content\/uploads\/2024\/03\/bypass-automatico.jpg\u00bb alt=\u00bbECONOMIZADOR KUBE V 300 INO\u00bb title_text=\u00bbbypass-automatico\u00bb _builder_version=\u00bb4.24.2&#8243; _module_preset=\u00bbdefault\u00bb scroll_fade_enable=\u00bbon\u00bb scroll_fade=\u00bb0|50|50|100|0|100|0%\u00bb hover_enabled=\u00bb0&#8243; global_colors_info=\u00bb{}\u00bb border_radii=\u00bbon|20px|20px|20px|20px\u00bb sticky_enabled=\u00bb0&#8243;][\/et_pb_image][\/et_pb_column][et_pb_column type=\u00bb2_3&#8243; _builder_version=\u00bb4.24.2&#8243; _module_preset=\u00bbdefault\u00bb global_colors_info=\u00bb{}\u00bb][et_pb_text _builder_version=\u00bb4.24.2&#8243; _module_preset=\u00bbdefault\u00bb header_2_font=\u00bb|||on|||||\u00bb header_2_text_color=\u00bb#0262A7&#8243; custom_padding=\u00bb8px||||false|false\u00bb hover_enabled=\u00bb0&#8243; global_colors_info=\u00bb{}\u00bb sticky_enabled=\u00bb0&#8243;]<\/p>\n<h2>BYPASS AUTOM\u00c1TICO<\/h2>\n<p>[\/et_pb_text][et_pb_text _builder_version=\u00bb4.24.2&#8243; _module_preset=\u00bbdefault\u00bb custom_margin=\u00bb||||false|false\u00bb custom_padding=\u00bb||40px||false|false\u00bb hover_enabled=\u00bb0&#8243; border_color_bottom=\u00bb#0262A7&#8243; global_colors_info=\u00bb{}\u00bb sticky_enabled=\u00bb0&#8243;]<\/p>\n<p>Sistema automatizado de desviaci\u00f3n del economizador al agua corriente en caso de aver\u00eda.<\/p>\n<p>[\/et_pb_text][\/et_pb_column][\/et_pb_row][\/et_pb_section]<\/p>\n","protected":false},"excerpt":{"rendered":"<p>NUESTRAS VENTAJASBYPASS MANUAL DE SERIEEN TODAS LAS VERSIONES DE SLQ Y KUBE El bypass es ese sistema que permite pasar al agua corriente en caso de mantenimiento o aver\u00eda del chiller girando una sola palanca.Se recomienda si las m\u00e1quinas SLQ y KUBE NO INOX est\u00e1n instaladas lejos del obrador.BYPASS AUTOM\u00c1TICOSistema automatizado de desviaci\u00f3n del economizador [&hellip;]<\/p>\n","protected":false},"author":1,"featured_media":0,"parent":0,"menu_order":0,"comment_status":"closed","ping_status":"closed","template":"","meta":{"_et_pb_use_builder":"on","_et_pb_old_content":"","_et_gb_content_width":"","rank_math_lock_modified_date":false,"footnotes":""},"class_list":["post-371289","page","type-page","status-publish","hentry"],"_links":{"self":[{"href":"https:\/\/www.salvalacqua.com\/es\/wp-json\/wp\/v2\/pages\/371289","targetHints":{"allow":["GET"]}}],"collection":[{"href":"https:\/\/www.salvalacqua.com\/es\/wp-json\/wp\/v2\/pages"}],"about":[{"href":"https:\/\/www.salvalacqua.com\/es\/wp-json\/wp\/v2\/types\/page"}],"author":[{"embeddable":true,"href":"https:\/\/www.salvalacqua.com\/es\/wp-json\/wp\/v2\/users\/1"}],"replies":[{"embeddable":true,"href":"https:\/\/www.salvalacqua.com\/es\/wp-json\/wp\/v2\/comments?post=371289"}],"version-history":[{"count":5,"href":"https:\/\/www.salvalacqua.com\/es\/wp-json\/wp\/v2\/pages\/371289\/revisions"}],"predecessor-version":[{"id":371416,"href":"https:\/\/www.salvalacqua.com\/es\/wp-json\/wp\/v2\/pages\/371289\/revisions\/371416"}],"wp:attachment":[{"href":"https:\/\/www.salvalacqua.com\/es\/wp-json\/wp\/v2\/media?parent=371289"}],"curies":[{"name":"wp","href":"https:\/\/api.w.org\/{rel}","templated":true}]}}