{"id":371271,"date":"2024-03-06T09:26:57","date_gmt":"2024-03-06T08:26:57","guid":{"rendered":"https:\/\/www.salvalacqua.com\/asistencia-en-el-diseno\/"},"modified":"2024-04-08T17:08:41","modified_gmt":"2024-04-08T15:08:41","slug":"asistencia-en-el-diseno","status":"publish","type":"page","link":"https:\/\/www.salvalacqua.com\/es\/asistencia-en-el-diseno\/","title":{"rendered":"Asistencia en el dise\u00f1o"},"content":{"rendered":"<p>[et_pb_section fb_built=\u00bb1&#8243; next_background_color=\u00bb#12395B\u00bb admin_label=\u00bbRisparmia\u00bb _builder_version=\u00bb4.24.2&#8243; _module_preset=\u00bbdefault\u00bb background_color=\u00bb#FFFFFF\u00bb background_enable_image=\u00bboff\u00bb custom_padding=\u00bb||135px|||\u00bb bottom_divider_style=\u00bbslant\u00bb bottom_divider_height=\u00bb50px\u00bb da_disable_devices=\u00bboff|off|off\u00bb locked=\u00bboff\u00bb global_colors_info=\u00bb{}\u00bb da_is_popup=\u00bboff\u00bb da_exit_intent=\u00bboff\u00bb da_has_close=\u00bbon\u00bb da_alt_close=\u00bboff\u00bb da_dark_close=\u00bboff\u00bb da_not_modal=\u00bbon\u00bb da_is_singular=\u00bboff\u00bb da_with_loader=\u00bboff\u00bb da_has_shadow=\u00bbon\u00bb][et_pb_row column_structure=\u00bb1_2,1_2&#8243; custom_padding_last_edited=\u00bboff|desktop\u00bb _builder_version=\u00bb4.24.2&#8243; _module_preset=\u00bbdefault\u00bb z_index=\u00bb3&#8243; custom_padding_tablet=\u00bb0px||||false|false\u00bb hover_enabled=\u00bb0&#8243; global_colors_info=\u00bb{}\u00bb sticky_enabled=\u00bb0&#8243;][et_pb_column type=\u00bb1_2&#8243; _builder_version=\u00bb4.24.2&#8243; _module_preset=\u00bbdefault\u00bb custom_padding=\u00bb50px||||false|false\u00bb custom_padding_tablet=\u00bb0%||||false|false\u00bb custom_padding_last_edited=\u00bboff|desktop\u00bb global_colors_info=\u00bb{}\u00bb][et_pb_text _builder_version=\u00bb4.24.2&#8243; _module_preset=\u00bbdefault\u00bb header_font=\u00bb|700||on|||||\u00bb header_text_color=\u00bb#0262A7&#8243; header_font_size=\u00bb50px\u00bb header_2_font=\u00bbPoppins|800||on|||||\u00bb header_2_text_color=\u00bb#0262A7&#8243; header_2_font_size=\u00bb60px\u00bb header_2_line_height=\u00bb0.9em\u00bb background_enable_color=\u00bboff\u00bb custom_margin=\u00bb||0px||false|false\u00bb custom_padding=\u00bb||0px||false|false\u00bb header_2_font_size_tablet=\u00bb40px\u00bb header_2_font_size_phone=\u00bb25px\u00bb header_2_font_size_last_edited=\u00bbon|phone\u00bb global_colors_info=\u00bb{}\u00bb]<\/p>\n<h1>Asistencia en el dise\u00f1o<\/h1>\n<p>[\/et_pb_text][et_pb_text _builder_version=\u00bb4.24.2&#8243; _module_preset=\u00bbdefault\u00bb text_font=\u00bb||||||||\u00bb background_enable_color=\u00bboff\u00bb text_font_size_tablet=\u00bb16px\u00bb text_font_size_phone=\u00bb14px\u00bb text_font_size_last_edited=\u00bbon|phone\u00bb global_colors_info=\u00bb{}\u00bb]<\/p>\n<p>Te ayudamos a elegir el economizador m\u00e1s adecuado en funci\u00f3n de la maquinaria que se deba instalar y el espacio disponible.<br \/>3 l\u00edneas diferentes, 15 modelos de serie o soluciones personalizadas incluso para grandes producciones.<\/p>\n<p>[\/et_pb_text][et_pb_text _builder_version=\u00bb4.24.2&#8243; _module_preset=\u00bbdefault\u00bb text_font=\u00bb||||||||\u00bb header_2_font=\u00bb|700|||||||\u00bb header_2_text_color=\u00bb#0262A7&#8243; header_2_font_size=\u00bb35px\u00bb background_enable_color=\u00bboff\u00bb text_font_size_tablet=\u00bb16px\u00bb text_font_size_phone=\u00bb14px\u00bb text_font_size_last_edited=\u00bbon|phone\u00bb global_colors_info=\u00bb{}\u00bb]<\/p>\n<h2>F\u00c1CIL DE INSTALAR<\/h2>\n<p>Todos los productos tambi\u00e9n pueden instalarse f\u00e1cilmente por profesionales de confianza, electricistas y fontaneros que sabr\u00e1n controlar todas las situaciones. <br \/>Siempre podr\u00e1s acudir a <strong>SALVALACQUA<\/strong>.<\/p>\n<p>[\/et_pb_text][et_pb_text _builder_version=\u00bb4.24.2&#8243; _module_preset=\u00bbdefault\u00bb text_font=\u00bb||||||||\u00bb header_2_font=\u00bb|700|||||||\u00bb header_2_text_color=\u00bb#0262A7&#8243; header_2_font_size=\u00bb35px\u00bb background_enable_color=\u00bboff\u00bb text_font_size_tablet=\u00bb16px\u00bb text_font_size_phone=\u00bb14px\u00bb text_font_size_last_edited=\u00bbon|phone\u00bb global_colors_info=\u00bb{}\u00bb]<\/p>\n<h2>NO TE ABANDONAREMOS<\/h2>\n<p>El servicio t\u00e9cnico estar\u00e1 siempre a tu disposici\u00f3n para ayudarte.<\/p>\n<p>[\/et_pb_text][et_pb_image src=\u00bbhttps:\/\/www.salvalacqua.com\/wp-content\/uploads\/2024\/02\/ovale-dw2.png\u00bb title_text=\u00bbovale-dw2&#8243; _builder_version=\u00bb4.24.2&#8243; _module_preset=\u00bbdefault\u00bb max_width=\u00bb300px\u00bb module_alignment=\u00bbcenter\u00bb custom_margin=\u00bb|||-100px|false|false\u00bb custom_margin_tablet=\u00bb|350px||-50px|false|false\u00bb custom_margin_phone=\u00bb|200px||0px|false|false\u00bb custom_margin_last_edited=\u00bbon|phone\u00bb animation_style=\u00bbslide\u00bb animation_direction=\u00bbleft\u00bb scroll_horizontal_motion=\u00bb0|50|50|100|-3|1|-3&#8243; global_colors_info=\u00bb{}\u00bb][\/et_pb_image][\/et_pb_column][et_pb_column type=\u00bb1_2&#8243; _builder_version=\u00bb4.24.2&#8243; _module_preset=\u00bbdefault\u00bb hover_enabled=\u00bb0&#8243; global_colors_info=\u00bb{}\u00bb title_text=\u00bbcircuito-acqua\u00bb background_image=\u00bbhttps:\/\/www.salvalacqua.com\/wp-content\/uploads\/2024\/03\/circuito-acqua.jpg\u00bb background_size=\u00bbcontain\u00bb sticky_enabled=\u00bb0&#8243;][et_pb_image src=\u00bbhttps:\/\/www.salvalacqua.com\/wp-content\/uploads\/2024\/03\/supporto-progettazione.png\u00bb alt=\u00bbSoporte de dise\u00f1o\u00bb title_text=\u00bbsoporte-de-diseno\u00bb _builder_version=\u00bb4.24.2&#8243; _module_preset=\u00bbdefault\u00bb z_index=\u00bb1&#8243; animation_direction=\u00bbright\u00bb scroll_horizontal_motion_enable=\u00bbon\u00bb scroll_horizontal_motion=\u00bb0|50|50|100|2|0|0.5&#8243; hover_enabled=\u00bb0&#8243; border_radii=\u00bbon|10px|10px|10px|10px\u00bb global_colors_info=\u00bb{}\u00bb sticky_enabled=\u00bb0&#8243;][\/et_pb_image][\/et_pb_column][\/et_pb_row][et_pb_row _builder_version=\u00bb4.24.2&#8243; _dynamic_attributes=\u00bblink_option_url\u00bb _module_preset=\u00bbdefault\u00bb background_color=\u00bb#0262A7&#8243; custom_padding=\u00bb20px||10px||false|false\u00bb link_option_url=\u00bb@ET-DC@eyJkeW5hbWljIjp0cnVlLCJjb250ZW50IjoicG9zdF9saW5rX3VybF9wYWdlIiwic2V0dGluZ3MiOnsicG9zdF9pZCI6IjM3MDg1OSJ9fQ==@\u00bb border_radii=\u00bbon|20px|20px|20px|20px\u00bb global_colors_info=\u00bb{}\u00bb background__hover_enabled=\u00bbon|hover\u00bb background_color__hover=\u00bb#12395B\u00bb background_enable_color__hover=\u00bbon\u00bb][et_pb_column type=\u00bb4_4&#8243; _builder_version=\u00bb4.24.2&#8243; _module_preset=\u00bbdefault\u00bb global_colors_info=\u00bb{}\u00bb][et_pb_text _builder_version=\u00bb4.24.2&#8243; _module_preset=\u00bbdefault\u00bb header_3_font=\u00bbAbel|||on|||||\u00bb header_3_text_align=\u00bbcenter\u00bb header_3_text_color=\u00bb#C4E2F2&#8243; global_colors_info=\u00bb{}\u00bb]<\/p>\n<h3>Soluciones personalizadas incluso para grandes producciones.<\/h3>\n<p>[\/et_pb_text][\/et_pb_column][\/et_pb_row][\/et_pb_section]<\/p>\n","protected":false},"excerpt":{"rendered":"<p>Asistencia en el dise\u00f1oTe ayudamos a elegir el economizador m\u00e1s adecuado en funci\u00f3n de la maquinaria que se deba instalar y el espacio disponible.3 l\u00edneas diferentes, 15 modelos de serie o soluciones personalizadas incluso para grandes producciones.F\u00c1CIL DE INSTALAR Todos los productos tambi\u00e9n pueden instalarse f\u00e1cilmente por profesionales de confianza, electricistas y fontaneros que sabr\u00e1n [&hellip;]<\/p>\n","protected":false},"author":1,"featured_media":0,"parent":0,"menu_order":0,"comment_status":"closed","ping_status":"closed","template":"","meta":{"_et_pb_use_builder":"on","_et_pb_old_content":"","_et_gb_content_width":"","rank_math_lock_modified_date":false,"footnotes":""},"class_list":["post-371271","page","type-page","status-publish","hentry"],"_links":{"self":[{"href":"https:\/\/www.salvalacqua.com\/es\/wp-json\/wp\/v2\/pages\/371271","targetHints":{"allow":["GET"]}}],"collection":[{"href":"https:\/\/www.salvalacqua.com\/es\/wp-json\/wp\/v2\/pages"}],"about":[{"href":"https:\/\/www.salvalacqua.com\/es\/wp-json\/wp\/v2\/types\/page"}],"author":[{"embeddable":true,"href":"https:\/\/www.salvalacqua.com\/es\/wp-json\/wp\/v2\/users\/1"}],"replies":[{"embeddable":true,"href":"https:\/\/www.salvalacqua.com\/es\/wp-json\/wp\/v2\/comments?post=371271"}],"version-history":[{"count":2,"href":"https:\/\/www.salvalacqua.com\/es\/wp-json\/wp\/v2\/pages\/371271\/revisions"}],"predecessor-version":[{"id":371273,"href":"https:\/\/www.salvalacqua.com\/es\/wp-json\/wp\/v2\/pages\/371271\/revisions\/371273"}],"wp:attachment":[{"href":"https:\/\/www.salvalacqua.com\/es\/wp-json\/wp\/v2\/media?parent=371271"}],"curies":[{"name":"wp","href":"https:\/\/api.w.org\/{rel}","templated":true}]}}