{"id":371324,"date":"2024-03-01T11:14:31","date_gmt":"2024-03-01T10:14:31","guid":{"rendered":"https:\/\/www.salvalacqua.com\/gruende-fuer-salvalacqua\/"},"modified":"2024-04-09T16:08:53","modified_gmt":"2024-04-09T14:08:53","slug":"gruende-fuer-salvalacqua","status":"publish","type":"page","link":"https:\/\/www.salvalacqua.com\/de\/gruende-fuer-salvalacqua\/","title":{"rendered":"Gr\u00fcnde f\u00fcr SALVALACQUA"},"content":{"rendered":"<p>[et_pb_section fb_built=&#8220;1&#8243; admin_label=&#8220;Section&#8220; _builder_version=&#8220;4.24.2&#8243; _module_preset=&#8220;default&#8220; background_color=&#8220;#FFFFFF&#8220; custom_margin=&#8220;||||false|false&#8220; custom_padding=&#8220;7vh||7vh||true|false&#8220; da_disable_devices=&#8220;off|off|off&#8220; border_color_bottom=&#8220;#0262A7&#8243; global_colors_info=&#8220;{}&#8220; da_is_popup=&#8220;off&#8220; da_exit_intent=&#8220;off&#8220; da_has_close=&#8220;on&#8220; da_alt_close=&#8220;off&#8220; da_dark_close=&#8220;off&#8220; da_not_modal=&#8220;on&#8220; da_is_singular=&#8220;off&#8220; da_with_loader=&#8220;off&#8220; da_has_shadow=&#8220;on&#8220;][et_pb_row use_custom_gutter=&#8220;on&#8220; gutter_width=&#8220;2&#8243; module_class=&#8220;et-hover-container&#8220; _builder_version=&#8220;4.24.2&#8243; _module_preset=&#8220;default&#8220; width=&#8220;100%&#8220; max_width=&#8220;70%&#8220; max_width_tablet=&#8220;80%&#8220; max_width_phone=&#8220;90%&#8220; max_width_last_edited=&#8220;on|desktop&#8220; overflow-x=&#8220;visible&#8220; overflow-y=&#8220;visible&#8220; custom_padding=&#8220;7vh|4vw|0px|4vw|false|true&#8220; global_colors_info=&#8220;{}&#8220;][et_pb_column type=&#8220;4_4&#8243; _builder_version=&#8220;4.24.0&#8243; _module_preset=&#8220;default&#8220; global_colors_info=&#8220;{}&#8220;][et_pb_text _builder_version=&#8220;4.24.2&#8243; _module_preset=&#8220;default&#8220; header_font=&#8220;|700||on|||||&#8220; header_text_color=&#8220;#0262A7&#8243; header_font_size=&#8220;50px&#8220; custom_css_free_form=&#8220;h1 span { border: 8px solid #ffc600; padding: 0px 10px; border-radius: 8px}&#8220; global_colors_info=&#8220;{}&#8220;]<\/p>\n<h1>Gr\u00fcnde f\u00fcr SALVALACQUA<\/h1>\n<p>[\/et_pb_text][\/et_pb_column][\/et_pb_row][et_pb_row column_structure=&#8220;1_2,1_2&#8243; use_custom_gutter=&#8220;on&#8220; gutter_width=&#8220;2&#8243; module_class=&#8220;et-hover-container&#8220; _builder_version=&#8220;4.24.2&#8243; _module_preset=&#8220;default&#8220; width=&#8220;100%&#8220; max_width=&#8220;70%&#8220; max_width_tablet=&#8220;80%&#8220; max_width_phone=&#8220;90%&#8220; max_width_last_edited=&#8220;on|desktop&#8220; overflow-x=&#8220;visible&#8220; overflow-y=&#8220;visible&#8220; custom_padding=&#8220;|4vw|0vh|4vw|false|true&#8220; custom_css_main_element=&#8220;display: flex;||flex-wrap: wrap;&#8220; global_colors_info=&#8220;{}&#8220;][et_pb_column type=&#8220;1_2&#8243; module_class=&#8220;et-mousemove-card&#8220; _builder_version=&#8220;4.24.2&#8243; _module_preset=&#8220;default&#8220; background_color=&#8220;#C4E2F2&#8243; background_image=&#8220;https:\/\/www.salvalacqua.com\/wp-content\/uploads\/2024\/03\/plus-salvalacqua-ecologia.jpg&#8220; background_size=&#8220;initial&#8220; background_position=&#8220;top_center&#8220; background_blend=&#8220;overlay&#8220; overflow-x=&#8220;visible&#8220; overflow-y=&#8220;visible&#8220; custom_padding=&#8220;10vh|5%|10vh|5%|true|true&#8220; animation_style=&#8220;zoom&#8220; custom_css_main_element=&#8220;max-width: 600px;&#8220; border_radii=&#8220;on|30px|30px|30px|30px&#8220; border_width_all=&#8220;4px&#8220; border_color_all=&#8220;#FFFFFF&#8220; box_shadow_style=&#8220;preset1&#8243; box_shadow_vertical=&#8220;0px&#8220; box_shadow_blur=&#8220;50px&#8220; box_shadow_color=&#8220;rgba(0,0,0,0.2)&#8220; global_colors_info=&#8220;{}&#8220; custom_css_main_element_last_edited=&#8220;on|phone&#8220; custom_css_main_element_phone=&#8220;order: 1;&#8220; custom_css_main_element_tablet=&#8220;max-width: 600px;&#8220;][et_pb_text admin_label=&#8220;info&#8220; module_class=&#8220;et-card-info&#8220; _builder_version=&#8220;4.24.2&#8243; _module_preset=&#8220;default&#8220; text_font=&#8220;||||||||&#8220; text_text_color=&#8220;#12395B&#8220; text_font_size=&#8220;18px&#8220; text_line_height=&#8220;1.8em&#8220; header_2_font=&#8220;|700||on|||||&#8220; header_2_text_color=&#8220;#0262A7&#8243; text_orientation=&#8220;center&#8220; custom_margin=&#8220;4vh||4vh||true|false&#8220; text_font_size_tablet=&#8220;&#8220; text_font_size_phone=&#8220;16px&#8220; text_font_size_last_edited=&#8220;on|desktop&#8220; global_colors_info=&#8220;{}&#8220;]<\/p>\n<h2>Eine umweltfreundliche Entscheidung<\/h2>\n<p>Es wird kein Trinkwasser mehr verschwendet, denn dies ist ein kostbares Gut f\u00fcr alle. F\u00fcr eine neue nachhaltige Wirtschaft.<\/p>\n<p>[\/et_pb_text][\/et_pb_column][et_pb_column type=&#8220;1_2&#8243; module_class=&#8220;et-mousemove-card&#8220; _builder_version=&#8220;4.24.2&#8243; _module_preset=&#8220;default&#8220; background_color=&#8220;#C4E2F2&#8243; background_image=&#8220;https:\/\/www.salvalacqua.com\/wp-content\/uploads\/2024\/03\/plus-salvalacqua-risparmio.jpg&#8220; background_blend=&#8220;overlay&#8220; overflow-x=&#8220;visible&#8220; overflow-y=&#8220;visible&#8220; custom_padding=&#8220;10vh|5%|10vh|5%|true|true&#8220; animation_style=&#8220;zoom&#8220; custom_css_main_element=&#8220;max-width: 600px;&#8220; border_radii=&#8220;on|30px|30px|30px|30px&#8220; border_width_all=&#8220;4px&#8220; border_color_all=&#8220;#FFFFFF&#8220; box_shadow_style=&#8220;preset1&#8243; box_shadow_vertical=&#8220;0px&#8220; box_shadow_blur=&#8220;50px&#8220; box_shadow_color=&#8220;rgba(0,0,0,0.2)&#8220; global_colors_info=&#8220;{}&#8220; custom_css_main_element_last_edited=&#8220;on|phone&#8220; custom_css_main_element_phone=&#8220;order: 1;&#8220; custom_css_main_element_tablet=&#8220;max-width: 600px;&#8220;][et_pb_text admin_label=&#8220;info&#8220; module_class=&#8220;et-card-info&#8220; _builder_version=&#8220;4.24.2&#8243; _module_preset=&#8220;default&#8220; text_font=&#8220;||||||||&#8220; text_text_color=&#8220;#12395B&#8220; text_font_size=&#8220;18px&#8220; text_line_height=&#8220;1.8em&#8220; header_2_font=&#8220;|700||on|||||&#8220; header_2_text_color=&#8220;#0262A7&#8243; text_orientation=&#8220;center&#8220; custom_margin=&#8220;4vh||4vh||true|false&#8220; text_font_size_tablet=&#8220;&#8220; text_font_size_phone=&#8220;16px&#8220; text_font_size_last_edited=&#8220;on|desktop&#8220; global_colors_info=&#8220;{}&#8220;]<\/p>\n<h2>Wirtschaftlicher Vorteil:<\/h2>\n<p>Es wird kein flie\u00dfendes Wasser mehr verbraucht. Im System SALVALACQUA mit geschlossenem Kreis mit geschlossenem Beh\u00e4lter muss kein Wasser nachgef\u00fcllt werden, man spart also 100 % Trinkwasser.<\/p>\n<p>[\/et_pb_text][\/et_pb_column][\/et_pb_row][et_pb_row column_structure=&#8220;1_2,1_2&#8243; use_custom_gutter=&#8220;on&#8220; gutter_width=&#8220;2&#8243; module_class=&#8220;et-hover-container&#8220; _builder_version=&#8220;4.24.2&#8243; _module_preset=&#8220;default&#8220; width=&#8220;100%&#8220; max_width=&#8220;70%&#8220; max_width_tablet=&#8220;80%&#8220; max_width_phone=&#8220;90%&#8220; max_width_last_edited=&#8220;on|desktop&#8220; overflow-x=&#8220;visible&#8220; overflow-y=&#8220;visible&#8220; custom_padding=&#8220;|4vw|7vh|4vw|false|true&#8220; custom_css_main_element=&#8220;display: flex;||flex-wrap: wrap;&#8220; global_colors_info=&#8220;{}&#8220;][et_pb_column type=&#8220;1_2&#8243; module_class=&#8220;et-mousemove-card&#8220; _builder_version=&#8220;4.24.2&#8243; _module_preset=&#8220;default&#8220; background_color=&#8220;#d7e7f2&#8243; background_image=&#8220;https:\/\/www.salvalacqua.com\/wp-content\/uploads\/2024\/03\/plus-salvalacqua-manutenzione01.jpg&#8220; background_position=&#8220;top_center&#8220; background_blend=&#8220;soft-light&#8220; overflow-x=&#8220;visible&#8220; overflow-y=&#8220;visible&#8220; custom_padding=&#8220;10vh|5%|10vh|5%|true|true&#8220; animation_style=&#8220;zoom&#8220; custom_css_main_element=&#8220;max-width: 600px;&#8220; border_radii=&#8220;on|30px|30px|30px|30px&#8220; border_width_all=&#8220;4px&#8220; border_color_all=&#8220;#FFFFFF&#8220; box_shadow_style=&#8220;preset1&#8243; box_shadow_vertical=&#8220;0px&#8220; box_shadow_blur=&#8220;50px&#8220; box_shadow_color=&#8220;rgba(0,0,0,0.2)&#8220; global_colors_info=&#8220;{}&#8220; custom_css_main_element_last_edited=&#8220;on|phone&#8220; custom_css_main_element_phone=&#8220;order: 1;&#8220; custom_css_main_element_tablet=&#8220;max-width: 600px;&#8220;][et_pb_text admin_label=&#8220;info&#8220; module_class=&#8220;et-card-info&#8220; _builder_version=&#8220;4.24.2&#8243; _module_preset=&#8220;default&#8220; text_font=&#8220;||||||||&#8220; text_text_color=&#8220;#12395B&#8220; text_font_size=&#8220;18px&#8220; text_line_height=&#8220;1.8em&#8220; header_2_font=&#8220;|700||on|||||&#8220; header_2_text_color=&#8220;#0262A7&#8243; text_orientation=&#8220;center&#8220; custom_margin=&#8220;4vh||4vh||true|false&#8220; text_font_size_tablet=&#8220;&#8220; text_font_size_phone=&#8220;16px&#8220; text_font_size_last_edited=&#8220;on|desktop&#8220; global_colors_info=&#8220;{}&#8220;]<\/p>\n<h2>Technische Vorteile:<\/h2>\n<p>Die Maschinen f\u00fcr die Produktionsr\u00e4ume arbeiten am besten bei einer K\u00fchlung auf eine konstante Temperatur von 12\u00b0- 14\u00b0 C.<br \/>\nDie Eisproduktion geht also schneller. Es wird kein Kalk erzeugt, so dass die Wartungskosten geringer sind.[\/et_pb_text][\/et_pb_column][et_pb_column type=&#8220;1_2&#8243; module_class=&#8220;et-mousemove-card&#8220; _builder_version=&#8220;4.24.2&#8243; _module_preset=&#8220;default&#8220; background_color=&#8220;rgba(184,215,239,0.93)&#8220; background_image=&#8220;https:\/\/www.salvalacqua.com\/wp-content\/uploads\/2024\/03\/plus-salvalacqua-salute02.jpg&#8220; background_blend=&#8220;soft-light&#8220; overflow-x=&#8220;visible&#8220; overflow-y=&#8220;visible&#8220; custom_padding=&#8220;10vh|5%|10vh|5%|true|true&#8220; animation_style=&#8220;zoom&#8220; custom_css_main_element=&#8220;max-width: 600px;&#8220; border_radii=&#8220;on|30px|30px|30px|30px&#8220; border_width_all=&#8220;4px&#8220; border_color_all=&#8220;#FFFFFF&#8220; box_shadow_style=&#8220;preset1&#8243; box_shadow_vertical=&#8220;0px&#8220; box_shadow_blur=&#8220;50px&#8220; box_shadow_color=&#8220;rgba(0,0,0,0.2)&#8220; global_colors_info=&#8220;{}&#8220; custom_css_main_element_last_edited=&#8220;on|phone&#8220; custom_css_main_element_phone=&#8220;order: 1;&#8220; custom_css_main_element_tablet=&#8220;max-width: 600px;&#8220;][et_pb_text admin_label=&#8220;info&#8220; module_class=&#8220;et-card-info&#8220; _builder_version=&#8220;4.24.2&#8243; _module_preset=&#8220;default&#8220; text_font=&#8220;||||||||&#8220; text_text_color=&#8220;#12395B&#8220; text_font_size=&#8220;18px&#8220; text_line_height=&#8220;1.8em&#8220; header_2_font=&#8220;|700||on|||||&#8220; header_2_text_color=&#8220;#0262A7&#8243; text_orientation=&#8220;center&#8220; custom_margin=&#8220;4vh||4vh||true|false&#8220; text_font_size_tablet=&#8220;&#8220; text_font_size_phone=&#8220;16px&#8220; text_font_size_last_edited=&#8220;on|desktop&#8220; global_colors_info=&#8220;{}&#8220;]<\/p>\n<h2>Gesundheitliche Sicherheit:<\/h2>\n<p>Das System SALVALACQUA mit geschlossenem Kreis mit geschlossenem Beh\u00e4lter schaltet das Risiko, dass gef\u00e4hrliche Legionellenbakterien entstehen, vollst\u00e4ndig aus. Diese k\u00f6nnen sich in anderen Systemen ausbreiten, wenn Fl\u00fcssigkeiten in Kontakt mit der Au\u00dfenwelt geraten.[\/et_pb_text][\/et_pb_column][\/et_pb_row][\/et_pb_section]<\/p>\n","protected":false},"excerpt":{"rendered":"<p>Gr\u00fcnde f\u00fcr SALVALACQUAEine umweltfreundliche Entscheidung Es wird kein Trinkwasser mehr verschwendet, denn dies ist ein kostbares Gut f\u00fcr alle. F\u00fcr eine neue nachhaltige Wirtschaft.Wirtschaftlicher Vorteil: Es wird kein flie\u00dfendes Wasser mehr verbraucht. Im System SALVALACQUA mit geschlossenem Kreis mit geschlossenem Beh\u00e4lter muss kein Wasser nachgef\u00fcllt werden, man spart also 100 % Trinkwasser.Technische Vorteile: Die Maschinen [&hellip;]<\/p>\n","protected":false},"author":1,"featured_media":0,"parent":0,"menu_order":0,"comment_status":"closed","ping_status":"closed","template":"","meta":{"_et_pb_use_builder":"on","_et_pb_old_content":"","_et_gb_content_width":"","rank_math_lock_modified_date":false,"footnotes":""},"class_list":["post-371324","page","type-page","status-publish","hentry"],"_links":{"self":[{"href":"https:\/\/www.salvalacqua.com\/de\/wp-json\/wp\/v2\/pages\/371324","targetHints":{"allow":["GET"]}}],"collection":[{"href":"https:\/\/www.salvalacqua.com\/de\/wp-json\/wp\/v2\/pages"}],"about":[{"href":"https:\/\/www.salvalacqua.com\/de\/wp-json\/wp\/v2\/types\/page"}],"author":[{"embeddable":true,"href":"https:\/\/www.salvalacqua.com\/de\/wp-json\/wp\/v2\/users\/1"}],"replies":[{"embeddable":true,"href":"https:\/\/www.salvalacqua.com\/de\/wp-json\/wp\/v2\/comments?post=371324"}],"version-history":[{"count":5,"href":"https:\/\/www.salvalacqua.com\/de\/wp-json\/wp\/v2\/pages\/371324\/revisions"}],"predecessor-version":[{"id":371378,"href":"https:\/\/www.salvalacqua.com\/de\/wp-json\/wp\/v2\/pages\/371324\/revisions\/371378"}],"wp:attachment":[{"href":"https:\/\/www.salvalacqua.com\/de\/wp-json\/wp\/v2\/media?parent=371324"}],"curies":[{"name":"wp","href":"https:\/\/api.w.org\/{rel}","templated":true}]}}