{"id":371286,"date":"2024-03-06T12:00:49","date_gmt":"2024-03-06T11:00:49","guid":{"rendered":"https:\/\/www.salvalacqua.com\/die-pluspunkte\/"},"modified":"2024-04-08T17:36:43","modified_gmt":"2024-04-08T15:36:43","slug":"die-pluspunkte","status":"publish","type":"page","link":"https:\/\/www.salvalacqua.com\/de\/die-pluspunkte\/","title":{"rendered":"Die Pluspunkte"},"content":{"rendered":"<p>[et_pb_section fb_built=&#8220;1&#8243; admin_label=&#8220;Section&#8220; _builder_version=&#8220;4.24.2&#8243; _module_preset=&#8220;default&#8220; background_color=&#8220;#FFFFFF&#8220; custom_margin=&#8220;||||false|false&#8220; custom_padding=&#8220;7vh||7vh||true|false&#8220; da_disable_devices=&#8220;off|off|off&#8220; border_color_bottom=&#8220;#0262A7&#8243; global_colors_info=&#8220;{}&#8220; da_is_popup=&#8220;off&#8220; da_exit_intent=&#8220;off&#8220; da_has_close=&#8220;on&#8220; da_alt_close=&#8220;off&#8220; da_dark_close=&#8220;off&#8220; da_not_modal=&#8220;on&#8220; da_is_singular=&#8220;off&#8220; da_with_loader=&#8220;off&#8220; da_has_shadow=&#8220;on&#8220;][et_pb_row use_custom_gutter=&#8220;on&#8220; gutter_width=&#8220;2&#8243; module_class=&#8220;et-hover-container&#8220; _builder_version=&#8220;4.24.2&#8243; _module_preset=&#8220;default&#8220; width=&#8220;100%&#8220; max_width=&#8220;70%&#8220; max_width_tablet=&#8220;80%&#8220; max_width_phone=&#8220;90%&#8220; max_width_last_edited=&#8220;on|desktop&#8220; overflow-x=&#8220;visible&#8220; overflow-y=&#8220;visible&#8220; custom_padding=&#8220;7vh|4vw|0px|4vw|false|true&#8220; global_colors_info=&#8220;{}&#8220;][et_pb_column type=&#8220;4_4&#8243; _builder_version=&#8220;4.24.0&#8243; _module_preset=&#8220;default&#8220; global_colors_info=&#8220;{}&#8220;][et_pb_text _builder_version=&#8220;4.24.2&#8243; _module_preset=&#8220;default&#8220; header_font=&#8220;|700||on|||||&#8220; header_text_color=&#8220;#0262A7&#8243; header_font_size=&#8220;50px&#8220; hover_enabled=&#8220;0&#8243; custom_css_free_form=&#8220;h1 span { border: 8px solid #ffc600; padding: 0px 10px; border-radius: 8px}&#8220; global_colors_info=&#8220;{}&#8220; sticky_enabled=&#8220;0&#8243;]<\/p>\n<h1>UNSERE PLUSE<\/h1>\n<p>[\/et_pb_text][\/et_pb_column][\/et_pb_row][et_pb_row column_structure=&#8220;1_3,2_3&#8243; _builder_version=&#8220;4.24.2&#8243; _module_preset=&#8220;default&#8220; border_width_bottom=&#8220;4px&#8220; border_color_bottom=&#8220;#0262A7&#8243; global_colors_info=&#8220;{}&#8220;][et_pb_column type=&#8220;1_3&#8243; _builder_version=&#8220;4.24.2&#8243; _module_preset=&#8220;default&#8220; global_colors_info=&#8220;{}&#8220;][et_pb_image src=&#8220;https:\/\/www.salvalacqua.com\/wp-content\/uploads\/2024\/03\/bypass-manuale.jpg&#8220; alt=&#8220;Manueller Bypass&#8220; title_text=&#8220;manueller-bypass&#8220; _builder_version=&#8220;4.24.2&#8243; _module_preset=&#8220;default&#8220; scroll_fade_enable=&#8220;on&#8220; scroll_fade=&#8220;0|50|50|100|0|100|0%&#8220; hover_enabled=&#8220;0&#8243; global_colors_info=&#8220;{}&#8220; sticky_enabled=&#8220;0&#8243;][\/et_pb_image][\/et_pb_column][et_pb_column type=&#8220;2_3&#8243; _builder_version=&#8220;4.24.2&#8243; _module_preset=&#8220;default&#8220; global_colors_info=&#8220;{}&#8220;][et_pb_text _builder_version=&#8220;4.24.2&#8243; _module_preset=&#8220;default&#8220; header_2_font=&#8220;|||on|||||&#8220; header_2_text_color=&#8220;#0262A7&#8243; custom_padding=&#8220;8px||||false|false&#8220; hover_enabled=&#8220;0&#8243; global_colors_info=&#8220;{}&#8220; sticky_enabled=&#8220;0&#8243; custom_margin=&#8220;||9px|||&#8220;]<\/p>\n<h2>MANUELLER BYPASS SERIENM\u00c4SSIG<\/h2>\n<p>[\/et_pb_text][et_pb_text _builder_version=&#8220;4.24.2&#8243; _module_preset=&#8220;default&#8220; custom_margin=&#8220;||||false|false&#8220; custom_padding=&#8220;||59px||false|false&#8220; hover_enabled=&#8220;0&#8243; border_color_bottom=&#8220;#0262A7&#8243; global_colors_info=&#8220;{}&#8220; sticky_enabled=&#8220;0&#8243;]<\/p>\n<h4>AN ALLEN VERSIONEN VON SLQ UND KUBE<\/h4>\n<p>Der Bypass ist das System, mit dem man im Wartungsfall oder bei einer St\u00f6rung des K\u00fchlers mit nur einer Hebelumstellung auf Wasser aus dem Netz umschalten kann.<\/p>\n<p>[\/et_pb_text][et_pb_blurb title=&#8220;BYPASS MANUAL REMOTO&#8220; image=&#8220;https:\/\/www.salvalacqua.com\/wp-content\/uploads\/2024\/03\/bypass-manuale-remoto.jpg&#8220; _builder_version=&#8220;4.24.2&#8243; _module_preset=&#8220;default&#8220; hover_enabled=&#8220;0&#8243; sticky_enabled=&#8220;0&#8243; title_text=&#8220;bypass-manuale-remoto&#8220; icon_placement=&#8220;left&#8220; image_icon_width=&#8220;100%&#8220; content_max_width=&#8220;100%&#8220; custom_css_blurb_image=&#8220;min-width: 200px;||&#8220; border_radii_image=&#8220;on|15px|15px|15px|15px&#8220; header_text_color=&#8220;#0262A7&#8243; header_font_size=&#8220;25px&#8220;]<\/p>\n<p>Dieser wird empfohlen, wenn die Ger\u00e4te SLQ und KUBE NO INOX nicht im Produktionsraum installiert sind.<\/p>\n<p>[\/et_pb_blurb][\/et_pb_column][\/et_pb_row][et_pb_row column_structure=&#8220;1_3,2_3&#8243; _builder_version=&#8220;4.24.2&#8243; _module_preset=&#8220;default&#8220; hover_enabled=&#8220;0&#8243; border_color_bottom=&#8220;#0262A7&#8243; global_colors_info=&#8220;{}&#8220; sticky_enabled=&#8220;0&#8243;][et_pb_column type=&#8220;1_3&#8243; _builder_version=&#8220;4.24.2&#8243; _module_preset=&#8220;default&#8220; global_colors_info=&#8220;{}&#8220;][et_pb_image src=&#8220;https:\/\/www.salvalacqua.com\/wp-content\/uploads\/2024\/03\/bypass-automatico.jpg&#8220; alt=&#8220;ECONOMIZER KUBE V 300 INOX&#8220; title_text=&#8220;automatischer-bypass&#8220; _builder_version=&#8220;4.24.2&#8243; _module_preset=&#8220;default&#8220; scroll_fade_enable=&#8220;on&#8220; scroll_fade=&#8220;0|50|50|100|0|100|0%&#8220; hover_enabled=&#8220;0&#8243; global_colors_info=&#8220;{}&#8220; border_radii=&#8220;on|20px|20px|20px|20px&#8220; sticky_enabled=&#8220;0&#8243;][\/et_pb_image][\/et_pb_column][et_pb_column type=&#8220;2_3&#8243; _builder_version=&#8220;4.24.2&#8243; _module_preset=&#8220;default&#8220; global_colors_info=&#8220;{}&#8220;][et_pb_text _builder_version=&#8220;4.24.2&#8243; _module_preset=&#8220;default&#8220; header_2_font=&#8220;|||on|||||&#8220; header_2_text_color=&#8220;#0262A7&#8243; custom_padding=&#8220;8px||||false|false&#8220; hover_enabled=&#8220;0&#8243; global_colors_info=&#8220;{}&#8220; sticky_enabled=&#8220;0&#8243;]<\/p>\n<h2>AUTOMATISCHER BYPASS<\/h2>\n<p>[\/et_pb_text][et_pb_text _builder_version=&#8220;4.24.2&#8243; _module_preset=&#8220;default&#8220; custom_margin=&#8220;||||false|false&#8220; custom_padding=&#8220;||40px||false|false&#8220; hover_enabled=&#8220;0&#8243; border_color_bottom=&#8220;#0262A7&#8243; global_colors_info=&#8220;{}&#8220; sticky_enabled=&#8220;0&#8243;]<\/p>\n<p>Automatisiertes System f\u00fcr die Umschaltung vom Economizer auf Wasser aus dem Netz im Fall einer St\u00f6rung.<\/p>\n<p>[\/et_pb_text][\/et_pb_column][\/et_pb_row][\/et_pb_section]<\/p>\n","protected":false},"excerpt":{"rendered":"<p>UNSERE PLUSEMANUELLER BYPASS SERIENM\u00c4SSIGAN ALLEN VERSIONEN VON SLQ UND KUBE Der Bypass ist das System, mit dem man im Wartungsfall oder bei einer St\u00f6rung des K\u00fchlers mit nur einer Hebelumstellung auf Wasser aus dem Netz umschalten kann.Dieser wird empfohlen, wenn die Ger\u00e4te SLQ und KUBE NO INOX nicht im Produktionsraum installiert sind.AUTOMATISCHER BYPASSAutomatisiertes System f\u00fcr [&hellip;]<\/p>\n","protected":false},"author":1,"featured_media":0,"parent":0,"menu_order":0,"comment_status":"closed","ping_status":"closed","template":"","meta":{"_et_pb_use_builder":"on","_et_pb_old_content":"","_et_gb_content_width":"","rank_math_lock_modified_date":false,"footnotes":""},"class_list":["post-371286","page","type-page","status-publish","hentry"],"_links":{"self":[{"href":"https:\/\/www.salvalacqua.com\/de\/wp-json\/wp\/v2\/pages\/371286","targetHints":{"allow":["GET"]}}],"collection":[{"href":"https:\/\/www.salvalacqua.com\/de\/wp-json\/wp\/v2\/pages"}],"about":[{"href":"https:\/\/www.salvalacqua.com\/de\/wp-json\/wp\/v2\/types\/page"}],"author":[{"embeddable":true,"href":"https:\/\/www.salvalacqua.com\/de\/wp-json\/wp\/v2\/users\/1"}],"replies":[{"embeddable":true,"href":"https:\/\/www.salvalacqua.com\/de\/wp-json\/wp\/v2\/comments?post=371286"}],"version-history":[{"count":4,"href":"https:\/\/www.salvalacqua.com\/de\/wp-json\/wp\/v2\/pages\/371286\/revisions"}],"predecessor-version":[{"id":371292,"href":"https:\/\/www.salvalacqua.com\/de\/wp-json\/wp\/v2\/pages\/371286\/revisions\/371292"}],"wp:attachment":[{"href":"https:\/\/www.salvalacqua.com\/de\/wp-json\/wp\/v2\/media?parent=371286"}],"curies":[{"name":"wp","href":"https:\/\/api.w.org\/{rel}","templated":true}]}}