{"id":371277,"date":"2024-03-05T11:56:18","date_gmt":"2024-03-05T10:56:18","guid":{"rendered":"https:\/\/www.salvalacqua.com\/massgeschneiderte-loesungen\/"},"modified":"2024-04-09T13:32:49","modified_gmt":"2024-04-09T11:32:49","slug":"massgeschneiderte-loesungen","status":"publish","type":"page","link":"https:\/\/www.salvalacqua.com\/de\/massgeschneiderte-loesungen\/","title":{"rendered":"Ma\u00dfgeschneiderte L\u00f6sungen"},"content":{"rendered":"<p>[et_pb_section fb_built=&#8220;1&#8243; admin_label=&#8220;Section&#8220; _builder_version=&#8220;4.24.2&#8243; _module_preset=&#8220;default&#8220; background_color=&#8220;#FFFFFF&#8220; custom_margin=&#8220;||||false|false&#8220; custom_padding=&#8220;7vh||7vh||true|false&#8220; da_disable_devices=&#8220;off|off|off&#8220; border_color_bottom=&#8220;#0262A7&#8243; global_colors_info=&#8220;{}&#8220; da_is_popup=&#8220;off&#8220; da_exit_intent=&#8220;off&#8220; da_has_close=&#8220;on&#8220; da_alt_close=&#8220;off&#8220; da_dark_close=&#8220;off&#8220; da_not_modal=&#8220;on&#8220; da_is_singular=&#8220;off&#8220; da_with_loader=&#8220;off&#8220; da_has_shadow=&#8220;on&#8220;][et_pb_row use_custom_gutter=&#8220;on&#8220; gutter_width=&#8220;2&#8243; module_class=&#8220;et-hover-container&#8220; _builder_version=&#8220;4.24.2&#8243; _module_preset=&#8220;default&#8220; width=&#8220;100%&#8220; max_width=&#8220;70%&#8220; max_width_tablet=&#8220;80%&#8220; max_width_phone=&#8220;90%&#8220; max_width_last_edited=&#8220;on|desktop&#8220; overflow-x=&#8220;visible&#8220; overflow-y=&#8220;visible&#8220; custom_padding=&#8220;7vh|4vw|0px|4vw|false|true&#8220; global_colors_info=&#8220;{}&#8220;][et_pb_column type=&#8220;4_4&#8243; _builder_version=&#8220;4.24.0&#8243; _module_preset=&#8220;default&#8220; global_colors_info=&#8220;{}&#8220;][et_pb_text _builder_version=&#8220;4.24.2&#8243; _module_preset=&#8220;default&#8220; header_font=&#8220;|700||on|||||&#8220; header_text_color=&#8220;#0262A7&#8243; header_font_size=&#8220;50px&#8220; header_font_size_tablet=&#8220;50px&#8220; header_font_size_phone=&#8220;35px&#8220; header_font_size_last_edited=&#8220;on|phone&#8220; custom_css_free_form=&#8220;h1 span { border: 8px solid #ffc600; padding: 0px 10px; border-radius: 8px}&#8220; global_colors_info=&#8220;{}&#8220;]<\/p>\n<h1>Ma\u00dfgeschneiderte L\u00f6sungen<\/h1>\n<p>[\/et_pb_text][\/et_pb_column][\/et_pb_row][et_pb_row column_structure=&#8220;1_2,1_2&#8243; use_custom_gutter=&#8220;on&#8220; gutter_width=&#8220;2&#8243; module_class=&#8220;et-hover-container&#8220; _builder_version=&#8220;4.24.2&#8243; _module_preset=&#8220;default&#8220; width=&#8220;100%&#8220; max_width=&#8220;70%&#8220; max_width_tablet=&#8220;80%&#8220; max_width_phone=&#8220;90%&#8220; max_width_last_edited=&#8220;on|desktop&#8220; overflow-x=&#8220;visible&#8220; overflow-y=&#8220;visible&#8220; custom_padding=&#8220;|4vw|0vh|4vw|false|true&#8220; custom_css_main_element=&#8220;display: flex;||flex-wrap: wrap;&#8220; global_colors_info=&#8220;{}&#8220;][et_pb_column type=&#8220;1_2&#8243; module_class=&#8220;et-mousemove-card&#8220; _builder_version=&#8220;4.24.2&#8243; _module_preset=&#8220;default&#8220; background_color=&#8220;rgba(196,226,242,0.35)&#8220; background_enable_image=&#8220;off&#8220; background_size=&#8220;initial&#8220; background_position=&#8220;top_center&#8220; background_blend=&#8220;overlay&#8220; overflow-x=&#8220;visible&#8220; overflow-y=&#8220;visible&#8220; custom_padding=&#8220;10vh|5%|10vh|5%|true|true&#8220; custom_padding_tablet=&#8220;10vh|5%|10vh|5%|true|true&#8220; custom_padding_phone=&#8220;2vh|5%|2vh|5%|true|true&#8220; custom_padding_last_edited=&#8220;on|phone&#8220; animation_style=&#8220;zoom&#8220; hover_enabled=&#8220;0&#8243; custom_css_main_element=&#8220;max-width: 600px;&#8220; border_radii=&#8220;on|30px|30px|30px|30px&#8220; border_width_all=&#8220;4px&#8220; border_color_all=&#8220;#FFFFFF&#8220; box_shadow_style=&#8220;preset1&#8243; box_shadow_vertical=&#8220;0px&#8220; box_shadow_blur=&#8220;50px&#8220; box_shadow_color=&#8220;rgba(0,0,0,0.2)&#8220; global_colors_info=&#8220;{}&#8220; custom_css_main_element_last_edited=&#8220;on|phone&#8220; custom_css_main_element_phone=&#8220;order: 1;&#8220; custom_css_main_element_tablet=&#8220;max-width: 600px;&#8220; sticky_enabled=&#8220;0&#8243;][et_pb_text _builder_version=&#8220;4.24.2&#8243; _module_preset=&#8220;default&#8220; global_colors_info=&#8220;{}&#8220;]<\/p>\n<p><strong>SALVALACQUA<\/strong> kann individuelle L\u00f6sungen f\u00fcr Handwerks- oder Industriebetriebe je nach Bedarf, verf\u00fcgbarem Platz und der Anzahl der Maschinen, die angeschlossen werden sollen, entwerfen.<\/p>\n<p>Ein professioneller Service, der es allen erm\u00f6glicht, kein Leitungswasser mehr zu nutzen und zu verschwenden, so dass bei erheblicher finanzieller Einsparung die Produktion verbessert wird.<\/p>\n<p>[\/et_pb_text][\/et_pb_column][et_pb_column type=&#8220;1_2&#8243; module_class=&#8220;et-mousemove-card&#8220; _builder_version=&#8220;4.24.2&#8243; _module_preset=&#8220;default&#8220; background_color=&#8220;#C4E2F2&#8243; background_image=&#8220;https:\/\/www.salvalacqua.com\/wp-content\/uploads\/2024\/03\/soluzioni-personalizzate.jpg&#8220; overflow-x=&#8220;visible&#8220; overflow-y=&#8220;visible&#8220; custom_padding=&#8220;10vh|5%|10vh|5%|true|true&#8220; animation_style=&#8220;zoom&#8220; custom_css_main_element=&#8220;max-width: 600px;&#8220; border_radii=&#8220;on|30px|30px|30px|30px&#8220; border_width_all=&#8220;4px&#8220; border_color_all=&#8220;#FFFFFF&#8220; box_shadow_style=&#8220;preset1&#8243; box_shadow_vertical=&#8220;0px&#8220; box_shadow_blur=&#8220;50px&#8220; box_shadow_color=&#8220;rgba(0,0,0,0.2)&#8220; global_colors_info=&#8220;{}&#8220; custom_css_main_element_last_edited=&#8220;on|phone&#8220; custom_css_main_element_phone=&#8220;order: 1;&#8220; custom_css_main_element_tablet=&#8220;max-width: 600px;&#8220;][\/et_pb_column][\/et_pb_row][et_pb_row _builder_version=&#8220;4.24.2&#8243; _module_preset=&#8220;default&#8220; max_width=&#8220;1180px&#8220; scroll_vertical_motion_enable=&#8220;on&#8220; scroll_vertical_motion=&#8220;0|50|50|100|1|0|0&#8243; locked=&#8220;off&#8220; global_colors_info=&#8220;{}&#8220;][et_pb_column type=&#8220;4_4&#8243; _builder_version=&#8220;4.24.2&#8243; _module_preset=&#8220;default&#8220; global_colors_info=&#8220;{}&#8220;][et_pb_cta title=&#8220;Ma\u00dfgeschneiderte Linie&#8220; button_url=&#8220;@ET-DC@eyJkeW5hbWljIjp0cnVlLCJjb250ZW50IjoicG9zdF9saW5rX3VybF9wYWdlIiwic2V0dGluZ3MiOnsicG9zdF9pZCI6IjM3MDkwOSJ9fQ==@&#8220; button_text=&#8220;Kontakt&#8220; _builder_version=&#8220;4.24.2&#8243; _dynamic_attributes=&#8220;button_url&#8220; _module_preset=&#8220;default&#8220; background_image=&#8220;https:\/\/www.salvalacqua.com\/wp-content\/uploads\/2024\/02\/infinite-water.png&#8220; background_size=&#8220;initial&#8220; background_blend=&#8220;multiply&#8220; custom_button=&#8220;on&#8220; button_text_color=&#8220;#FFFFFF&#8220; button_bg_color=&#8220;#12395B&#8220; button_border_width=&#8220;0px&#8220; button_border_radius=&#8220;0px&#8220; button_font=&#8220;|||on|||||&#8220; button_alignment=&#8220;center&#8220; border_radii=&#8220;on|20px|20px|20px|20px&#8220; global_colors_info=&#8220;{}&#8220;]<\/p>\n<p>Wir sind Experten, wenn es darum geht, die spezifischen Bed\u00fcrfnisse unserer Kunden zu verstehen und ma\u00dfgeschneiderte L\u00f6sungen anzubieten, die perfekt auf ihre Anforderungen abgestimmt sind. Mit SALVALACQUA profitieren Sie von einem Economizer, der auf Ihren Handwerks- oder Industriebetrieb zugeschnitten ist, wobei der verf\u00fcgbare Platz und die Anzahl der anzuschlie\u00dfenden Maschinen ber\u00fccksichtigt werden. Unser professioneller Service erm\u00f6glicht es Ihnen, mehr flie\u00dfendes Wasser zu nutzen und zu sparen, die Produktion zu verbessern und Geld zu sparen. Kontaktieren Sie uns, um herauszufinden, wie wir Ihnen helfen k\u00f6nnen, Ihre Produktion zu optimieren und Ihre Ziele zu erreichen.<\/p>\n<p>[\/et_pb_cta][\/et_pb_column][\/et_pb_row][\/et_pb_section]<\/p>\n","protected":false},"excerpt":{"rendered":"<p>Ma\u00dfgeschneiderte L\u00f6sungenSALVALACQUA kann individuelle L\u00f6sungen f\u00fcr Handwerks- oder Industriebetriebe je nach Bedarf, verf\u00fcgbarem Platz und der Anzahl der Maschinen, die angeschlossen werden sollen, entwerfen. Ein professioneller Service, der es allen erm\u00f6glicht, kein Leitungswasser mehr zu nutzen und zu verschwenden, so dass bei erheblicher finanzieller Einsparung die Produktion verbessert wird.Wir sind Experten, wenn es darum geht, [&hellip;]<\/p>\n","protected":false},"author":1,"featured_media":0,"parent":0,"menu_order":0,"comment_status":"closed","ping_status":"closed","template":"","meta":{"_et_pb_use_builder":"on","_et_pb_old_content":"","_et_gb_content_width":"","rank_math_lock_modified_date":false,"footnotes":""},"class_list":["post-371277","page","type-page","status-publish","hentry"],"_links":{"self":[{"href":"https:\/\/www.salvalacqua.com\/de\/wp-json\/wp\/v2\/pages\/371277","targetHints":{"allow":["GET"]}}],"collection":[{"href":"https:\/\/www.salvalacqua.com\/de\/wp-json\/wp\/v2\/pages"}],"about":[{"href":"https:\/\/www.salvalacqua.com\/de\/wp-json\/wp\/v2\/types\/page"}],"author":[{"embeddable":true,"href":"https:\/\/www.salvalacqua.com\/de\/wp-json\/wp\/v2\/users\/1"}],"replies":[{"embeddable":true,"href":"https:\/\/www.salvalacqua.com\/de\/wp-json\/wp\/v2\/comments?post=371277"}],"version-history":[{"count":4,"href":"https:\/\/www.salvalacqua.com\/de\/wp-json\/wp\/v2\/pages\/371277\/revisions"}],"predecessor-version":[{"id":371369,"href":"https:\/\/www.salvalacqua.com\/de\/wp-json\/wp\/v2\/pages\/371277\/revisions\/371369"}],"wp:attachment":[{"href":"https:\/\/www.salvalacqua.com\/de\/wp-json\/wp\/v2\/media?parent=371277"}],"curies":[{"name":"wp","href":"https:\/\/api.w.org\/{rel}","templated":true}]}}