{"id":371268,"date":"2024-03-06T09:26:57","date_gmt":"2024-03-06T08:26:57","guid":{"rendered":"https:\/\/www.salvalacqua.com\/support-fuer-die-projektplanung\/"},"modified":"2024-04-09T13:32:49","modified_gmt":"2024-04-09T11:32:49","slug":"support-fuer-die-projektplanung","status":"publish","type":"page","link":"https:\/\/www.salvalacqua.com\/de\/support-fuer-die-projektplanung\/","title":{"rendered":"Support f\u00fcr die Projektplanung."},"content":{"rendered":"<p>[et_pb_section fb_built=&#8220;1&#8243; next_background_color=&#8220;#12395B&#8220; admin_label=&#8220;Risparmia&#8220; _builder_version=&#8220;4.24.2&#8243; _module_preset=&#8220;default&#8220; background_color=&#8220;#FFFFFF&#8220; background_enable_image=&#8220;off&#8220; custom_padding=&#8220;||135px|||&#8220; bottom_divider_style=&#8220;slant&#8220; bottom_divider_height=&#8220;50px&#8220; da_disable_devices=&#8220;off|off|off&#8220; locked=&#8220;off&#8220; global_colors_info=&#8220;{}&#8220; da_is_popup=&#8220;off&#8220; da_exit_intent=&#8220;off&#8220; da_has_close=&#8220;on&#8220; da_alt_close=&#8220;off&#8220; da_dark_close=&#8220;off&#8220; da_not_modal=&#8220;on&#8220; da_is_singular=&#8220;off&#8220; da_with_loader=&#8220;off&#8220; da_has_shadow=&#8220;on&#8220;][et_pb_row column_structure=&#8220;1_2,1_2&#8243; custom_padding_last_edited=&#8220;off|desktop&#8220; _builder_version=&#8220;4.24.2&#8243; _module_preset=&#8220;default&#8220; z_index=&#8220;3&#8243; custom_padding_tablet=&#8220;0px||||false|false&#8220; hover_enabled=&#8220;0&#8243; global_colors_info=&#8220;{}&#8220; sticky_enabled=&#8220;0&#8243;][et_pb_column type=&#8220;1_2&#8243; _builder_version=&#8220;4.24.2&#8243; _module_preset=&#8220;default&#8220; custom_padding=&#8220;50px||||false|false&#8220; custom_padding_tablet=&#8220;0%||||false|false&#8220; custom_padding_last_edited=&#8220;off|desktop&#8220; global_colors_info=&#8220;{}&#8220;][et_pb_text _builder_version=&#8220;4.24.2&#8243; _module_preset=&#8220;default&#8220; header_font=&#8220;|700||on|||||&#8220; header_text_color=&#8220;#0262A7&#8243; header_font_size=&#8220;50px&#8220; header_2_font=&#8220;Poppins|800||on|||||&#8220; header_2_text_color=&#8220;#0262A7&#8243; header_2_font_size=&#8220;60px&#8220; header_2_line_height=&#8220;0.9em&#8220; background_enable_color=&#8220;off&#8220; custom_margin=&#8220;||0px||false|false&#8220; custom_padding=&#8220;||0px||false|false&#8220; header_2_font_size_tablet=&#8220;40px&#8220; header_2_font_size_phone=&#8220;25px&#8220; header_2_font_size_last_edited=&#8220;on|phone&#8220; global_colors_info=&#8220;{}&#8220;]<\/p>\n<h1>Support f\u00fcr die Projektplanung.<\/h1>\n<p>[\/et_pb_text][et_pb_text _builder_version=&#8220;4.24.2&#8243; _module_preset=&#8220;default&#8220; text_font=&#8220;||||||||&#8220; background_enable_color=&#8220;off&#8220; text_font_size_tablet=&#8220;16px&#8220; text_font_size_phone=&#8220;14px&#8220; text_font_size_last_edited=&#8220;on|phone&#8220; global_colors_info=&#8220;{}&#8220;]<\/p>\n<p>Wir helfen Ihnen dabei, den passenden Economizer zu w\u00e4hlen. Dabei sind die Zahl der Maschinen, die angeschlossen werden sollen, und der verf\u00fcgbare Platz zu ber\u00fccksichtigen.<br \/>3 verschiedene Produktlinien, 15 Serienmodelle oder kundenspezifische L\u00f6sungen auch f\u00fcr gro\u00dfe Produktionsbetriebe.<\/p>\n<p>[\/et_pb_text][et_pb_text _builder_version=&#8220;4.24.2&#8243; _module_preset=&#8220;default&#8220; text_font=&#8220;||||||||&#8220; header_2_font=&#8220;|700|||||||&#8220; header_2_text_color=&#8220;#0262A7&#8243; header_2_font_size=&#8220;35px&#8220; background_enable_color=&#8220;off&#8220; text_font_size_tablet=&#8220;16px&#8220; text_font_size_phone=&#8220;14px&#8220; text_font_size_last_edited=&#8220;on|phone&#8220; global_colors_info=&#8220;{}&#8220;]<\/p>\n<h2>EINFACH ZU INSTALLIEREN<\/h2>\n<p>Jedes Produkt kann einfach installiert werden, auch von einer Fachkraft Ihres Vertrauens. Elektriker und Klempner haben f\u00fcr jede Situation die richtige L\u00f6sung. <br \/>Auf die Unterst\u00fctzung von <strong>SALVALACQUA<\/strong> k\u00f6nnen Sie sich immer verlassen.<\/p>\n<p>[\/et_pb_text][et_pb_text _builder_version=&#8220;4.24.2&#8243; _module_preset=&#8220;default&#8220; text_font=&#8220;||||||||&#8220; header_2_font=&#8220;|700|||||||&#8220; header_2_text_color=&#8220;#0262A7&#8243; header_2_font_size=&#8220;35px&#8220; background_enable_color=&#8220;off&#8220; text_font_size_tablet=&#8220;16px&#8220; text_font_size_phone=&#8220;14px&#8220; text_font_size_last_edited=&#8220;on|phone&#8220; global_colors_info=&#8220;{}&#8220;]<\/p>\n<h2>WIR LASSEN SIE NICHT ALLEIN.<\/h2>\n<p>Ein technischer Kundendienst steht immer zu Ihrer Verf\u00fcgung.<\/p>\n<p>[\/et_pb_text][et_pb_image src=&#8220;https:\/\/www.salvalacqua.com\/wp-content\/uploads\/2024\/02\/ovale-dw2.png&#8220; title_text=&#8220;ovale-dw2&#8243; _builder_version=&#8220;4.24.2&#8243; _module_preset=&#8220;default&#8220; max_width=&#8220;300px&#8220; module_alignment=&#8220;center&#8220; custom_margin=&#8220;|||-100px|false|false&#8220; custom_margin_tablet=&#8220;|350px||-50px|false|false&#8220; custom_margin_phone=&#8220;|200px||0px|false|false&#8220; custom_margin_last_edited=&#8220;on|phone&#8220; animation_style=&#8220;slide&#8220; animation_direction=&#8220;left&#8220; scroll_horizontal_motion=&#8220;0|50|50|100|-3|1|-3&#8243; global_colors_info=&#8220;{}&#8220;][\/et_pb_image][\/et_pb_column][et_pb_column type=&#8220;1_2&#8243; _builder_version=&#8220;4.24.2&#8243; _module_preset=&#8220;default&#8220; hover_enabled=&#8220;0&#8243; global_colors_info=&#8220;{}&#8220; title_text=&#8220;circuito-acqua&#8220; background_image=&#8220;https:\/\/www.salvalacqua.com\/wp-content\/uploads\/2024\/03\/circuito-acqua.jpg&#8220; background_size=&#8220;contain&#8220; sticky_enabled=&#8220;0&#8243;][et_pb_image src=&#8220;https:\/\/www.salvalacqua.com\/wp-content\/uploads\/2024\/03\/supporto-progettazione.png&#8220; alt=&#8220;Design-Unterst\u00fctzung&#8220; title_text=&#8220;design-unterst\u00fctzung&#8220; _builder_version=&#8220;4.24.2&#8243; _module_preset=&#8220;default&#8220; z_index=&#8220;1&#8243; animation_direction=&#8220;right&#8220; scroll_horizontal_motion_enable=&#8220;on&#8220; scroll_horizontal_motion=&#8220;0|50|50|100|2|0|0.5&#8243; hover_enabled=&#8220;0&#8243; border_radii=&#8220;on|10px|10px|10px|10px&#8220; global_colors_info=&#8220;{}&#8220; sticky_enabled=&#8220;0&#8243;][\/et_pb_image][\/et_pb_column][\/et_pb_row][et_pb_row _builder_version=&#8220;4.24.2&#8243; _dynamic_attributes=&#8220;link_option_url&#8220; _module_preset=&#8220;default&#8220; background_color=&#8220;#0262A7&#8243; custom_padding=&#8220;20px||10px||false|false&#8220; link_option_url=&#8220;@ET-DC@eyJkeW5hbWljIjp0cnVlLCJjb250ZW50IjoicG9zdF9saW5rX3VybF9wYWdlIiwic2V0dGluZ3MiOnsicG9zdF9pZCI6IjM3MDg1OSJ9fQ==@&#8220; border_radii=&#8220;on|20px|20px|20px|20px&#8220; global_colors_info=&#8220;{}&#8220; background__hover_enabled=&#8220;on|hover&#8220; background_color__hover=&#8220;#12395B&#8220; background_enable_color__hover=&#8220;on&#8220;][et_pb_column type=&#8220;4_4&#8243; _builder_version=&#8220;4.24.2&#8243; _module_preset=&#8220;default&#8220; global_colors_info=&#8220;{}&#8220;][et_pb_text _builder_version=&#8220;4.24.2&#8243; _module_preset=&#8220;default&#8220; header_3_font=&#8220;Abel|||on|||||&#8220; header_3_text_align=&#8220;center&#8220; header_3_text_color=&#8220;#C4E2F2&#8243; global_colors_info=&#8220;{}&#8220;]<\/p>\n<h3>Kundenspezifische L\u00f6sungen auch f\u00fcr gro\u00dfe Produktionsbetriebe<\/h3>\n<p>[\/et_pb_text][\/et_pb_column][\/et_pb_row][\/et_pb_section]<\/p>\n","protected":false},"excerpt":{"rendered":"<p>Support f\u00fcr die Projektplanung.Wir helfen Ihnen dabei, den passenden Economizer zu w\u00e4hlen. Dabei sind die Zahl der Maschinen, die angeschlossen werden sollen, und der verf\u00fcgbare Platz zu ber\u00fccksichtigen.3 verschiedene Produktlinien, 15 Serienmodelle oder kundenspezifische L\u00f6sungen auch f\u00fcr gro\u00dfe Produktionsbetriebe.EINFACH ZU INSTALLIEREN Jedes Produkt kann einfach installiert werden, auch von einer Fachkraft Ihres Vertrauens. Elektriker und [&hellip;]<\/p>\n","protected":false},"author":1,"featured_media":0,"parent":0,"menu_order":0,"comment_status":"closed","ping_status":"closed","template":"","meta":{"_et_pb_use_builder":"on","_et_pb_old_content":"","_et_gb_content_width":"","rank_math_lock_modified_date":false,"footnotes":""},"class_list":["post-371268","page","type-page","status-publish","hentry"],"_links":{"self":[{"href":"https:\/\/www.salvalacqua.com\/de\/wp-json\/wp\/v2\/pages\/371268","targetHints":{"allow":["GET"]}}],"collection":[{"href":"https:\/\/www.salvalacqua.com\/de\/wp-json\/wp\/v2\/pages"}],"about":[{"href":"https:\/\/www.salvalacqua.com\/de\/wp-json\/wp\/v2\/types\/page"}],"author":[{"embeddable":true,"href":"https:\/\/www.salvalacqua.com\/de\/wp-json\/wp\/v2\/users\/1"}],"replies":[{"embeddable":true,"href":"https:\/\/www.salvalacqua.com\/de\/wp-json\/wp\/v2\/comments?post=371268"}],"version-history":[{"count":4,"href":"https:\/\/www.salvalacqua.com\/de\/wp-json\/wp\/v2\/pages\/371268\/revisions"}],"predecessor-version":[{"id":371365,"href":"https:\/\/www.salvalacqua.com\/de\/wp-json\/wp\/v2\/pages\/371268\/revisions\/371365"}],"wp:attachment":[{"href":"https:\/\/www.salvalacqua.com\/de\/wp-json\/wp\/v2\/media?parent=371268"}],"curies":[{"name":"wp","href":"https:\/\/api.w.org\/{rel}","templated":true}]}}