{"id":371168,"date":"2024-03-01T10:58:56","date_gmt":"2024-03-01T09:58:56","guid":{"rendered":"https:\/\/www.salvalacqua.com\/so-waehlt-man-salvalacqua\/"},"modified":"2024-04-16T15:23:02","modified_gmt":"2024-04-16T13:23:02","slug":"so-waehlt-man-salvalacqua","status":"publish","type":"page","link":"https:\/\/www.salvalacqua.com\/de\/so-waehlt-man-salvalacqua\/","title":{"rendered":"So w\u00e4hlt man SALVALACQUA"},"content":{"rendered":"<p>[et_pb_section fb_built=&#8220;1&#8243; admin_label=&#8220;Section&#8220; _builder_version=&#8220;4.24.2&#8243; _module_preset=&#8220;default&#8220; background_color=&#8220;#FFFFFF&#8220; custom_margin=&#8220;||||false|false&#8220; custom_padding=&#8220;7vh||7vh||true|false&#8220; da_disable_devices=&#8220;off|off|off&#8220; border_color_bottom=&#8220;#0262A7&#8243; global_colors_info=&#8220;{}&#8220; da_is_popup=&#8220;off&#8220; da_exit_intent=&#8220;off&#8220; da_has_close=&#8220;on&#8220; da_alt_close=&#8220;off&#8220; da_dark_close=&#8220;off&#8220; da_not_modal=&#8220;on&#8220; da_is_singular=&#8220;off&#8220; da_with_loader=&#8220;off&#8220; da_has_shadow=&#8220;on&#8220;][et_pb_row use_custom_gutter=&#8220;on&#8220; gutter_width=&#8220;2&#8243; module_class=&#8220;et-hover-container&#8220; _builder_version=&#8220;4.24.2&#8243; _module_preset=&#8220;default&#8220; width=&#8220;100%&#8220; max_width=&#8220;70%&#8220; max_width_tablet=&#8220;80%&#8220; max_width_phone=&#8220;90%&#8220; max_width_last_edited=&#8220;on|desktop&#8220; overflow-x=&#8220;visible&#8220; overflow-y=&#8220;visible&#8220; custom_padding=&#8220;7vh|4vw|0px|4vw|false|true&#8220; global_colors_info=&#8220;{}&#8220;][et_pb_column type=&#8220;4_4&#8243; _builder_version=&#8220;4.24.0&#8243; _module_preset=&#8220;default&#8220; global_colors_info=&#8220;{}&#8220;][et_pb_text _builder_version=&#8220;4.24.2&#8243; _module_preset=&#8220;default&#8220; header_font=&#8220;|700||on|||||&#8220; header_text_color=&#8220;#0262A7&#8243; header_font_size=&#8220;50px&#8220; custom_css_free_form=&#8220;h1 span { border: 8px solid #ffc600; padding: 0px 10px; border-radius: 8px}&#8220; global_colors_info=&#8220;{}&#8220;]<\/p>\n<h1>Wie man w\u00e4hlt<\/h1>\n<p>[\/et_pb_text][\/et_pb_column][\/et_pb_row][et_pb_row column_structure=&#8220;1_3,2_3&#8243; _builder_version=&#8220;4.24.2&#8243; _module_preset=&#8220;default&#8220; border_width_bottom=&#8220;4px&#8220; border_color_bottom=&#8220;#0262A7&#8243; global_colors_info=&#8220;{}&#8220;][et_pb_column type=&#8220;1_3&#8243; _builder_version=&#8220;4.24.2&#8243; _module_preset=&#8220;default&#8220; global_colors_info=&#8220;{}&#8220;][et_pb_image src=&#8220;https:\/\/www.salvalacqua.com\/wp-content\/uploads\/2024\/02\/economizzatori-raffreddamento-esterno-slq300.png&#8220; alt=&#8220;ECONOMIZER SLQ V 300 INOX&#8220; title_text=&#8220;economizer-mit-externer-kuhleinheit-slq300&#8243; _builder_version=&#8220;4.24.2&#8243; _module_preset=&#8220;default&#8220; scroll_fade_enable=&#8220;on&#8220; scroll_fade=&#8220;0|50|50|100|0|100|0%&#8220; global_colors_info=&#8220;{}&#8220;][\/et_pb_image][\/et_pb_column][et_pb_column type=&#8220;2_3&#8243; _builder_version=&#8220;4.24.2&#8243; _module_preset=&#8220;default&#8220; global_colors_info=&#8220;{}&#8220;][et_pb_text _builder_version=&#8220;4.24.2&#8243; _module_preset=&#8220;default&#8220; header_2_font=&#8220;|||on|||||&#8220; header_2_text_color=&#8220;#0262A7&#8243; custom_padding=&#8220;8px||||false|false&#8220; global_colors_info=&#8220;{}&#8220;]<\/p>\n<h2>LINIE SLQ<\/h2>\n<p>[\/et_pb_text][et_pb_text _builder_version=&#8220;4.24.2&#8243; _module_preset=&#8220;default&#8220; custom_margin=&#8220;||||false|false&#8220; custom_padding=&#8220;||40px||false|false&#8220; border_color_bottom=&#8220;#0262A7&#8243; global_colors_info=&#8220;{}&#8220;]<\/p>\n<h4>ECONOMIZER MIT EXTERNER K\u00dcHLEINHEIT<\/h4>\n<p>Die Modelle bestehen aus 2 Einheiten: 1 internen (Ger\u00e4t) und 1 externen (Chiller), um k\u00fchlen und die W\u00e4rme nach au\u00dfen ableiten zu k\u00f6nnen.[\/et_pb_text][et_pb_button button_url=&#8220;@ET-DC@eyJkeW5hbWljIjp0cnVlLCJjb250ZW50IjoicG9zdF9saW5rX3VybF9wYWdlIiwic2V0dGluZ3MiOnsicG9zdF9pZCI6IjM3MDU2NyJ9fQ==@&#8220; button_text=&#8220;Zu den Produktdetails&#8220; _builder_version=&#8220;4.24.2&#8243; _dynamic_attributes=&#8220;button_url&#8220; _module_preset=&#8220;default&#8220; global_colors_info=&#8220;{}&#8220;][\/et_pb_button][\/et_pb_column][\/et_pb_row][et_pb_row column_structure=&#8220;1_3,2_3&#8243; _builder_version=&#8220;4.24.2&#8243; _module_preset=&#8220;default&#8220; border_width_bottom=&#8220;4px&#8220; border_color_bottom=&#8220;#0262A7&#8243; global_colors_info=&#8220;{}&#8220;][et_pb_column type=&#8220;1_3&#8243; _builder_version=&#8220;4.24.2&#8243; _module_preset=&#8220;default&#8220; global_colors_info=&#8220;{}&#8220;][et_pb_image src=&#8220;https:\/\/www.salvalacqua.com\/wp-content\/uploads\/2024\/02\/economizzatori-raffreddamento-interno-kube-v300.png&#8220; alt=&#8220;ECONOMIZER KUBE V 300 INOX&#8220; title_text=&#8220;economizer-mit-interner-kuhleinheit-kube-v300&#8243; _builder_version=&#8220;4.24.2&#8243; _module_preset=&#8220;default&#8220; scroll_fade_enable=&#8220;on&#8220; scroll_fade=&#8220;0|50|50|100|0|100|0%&#8220; global_colors_info=&#8220;{}&#8220;][\/et_pb_image][\/et_pb_column][et_pb_column type=&#8220;2_3&#8243; _builder_version=&#8220;4.24.2&#8243; _module_preset=&#8220;default&#8220; global_colors_info=&#8220;{}&#8220;][et_pb_text _builder_version=&#8220;4.24.2&#8243; _module_preset=&#8220;default&#8220; header_2_font=&#8220;|||on|||||&#8220; header_2_text_color=&#8220;#0262A7&#8243; custom_padding=&#8220;8px||||false|false&#8220; global_colors_info=&#8220;{}&#8220;]<\/p>\n<h2>LINIE KUBE<\/h2>\n<p>[\/et_pb_text][et_pb_text _builder_version=&#8220;4.24.2&#8243; _module_preset=&#8220;default&#8220; custom_margin=&#8220;||||false|false&#8220; custom_padding=&#8220;||40px||false|false&#8220; border_color_bottom=&#8220;#0262A7&#8243; global_colors_info=&#8220;{}&#8220;]<\/p>\n<h4>ECONOMIZER MIT INTERNER K\u00dcHLEINHEIT<\/h4>\n<p>Die Modelle bestehen aus 2 Einheiten, die beide intern angebracht sind. Die K\u00fchleinheit (Chiller) braucht f\u00fcr den korrekten Betrieb einen Lufteintritt von au\u00dfen und einen Abzug der Luft nach au\u00dfen \u2013 Leitungen, Schornstein, Fenster usw. <\/p>\n<p>[\/et_pb_text][et_pb_button button_url=&#8220;@ET-DC@eyJkeW5hbWljIjp0cnVlLCJjb250ZW50IjoicG9zdF9saW5rX3VybF9wYWdlIiwic2V0dGluZ3MiOnsicG9zdF9pZCI6IjM3MDY4MyJ9fQ==@&#8220; button_text=&#8220;Zu den Produktdetails&#8220; _builder_version=&#8220;4.24.2&#8243; _dynamic_attributes=&#8220;button_url&#8220; _module_preset=&#8220;default&#8220; global_colors_info=&#8220;{}&#8220;][\/et_pb_button][\/et_pb_column][\/et_pb_row][et_pb_row column_structure=&#8220;1_3,2_3&#8243; _builder_version=&#8220;4.24.2&#8243; _module_preset=&#8220;default&#8220; border_color_bottom=&#8220;#0262A7&#8243; global_colors_info=&#8220;{}&#8220;][et_pb_column type=&#8220;1_3&#8243; _builder_version=&#8220;4.24.2&#8243; _module_preset=&#8220;default&#8220; global_colors_info=&#8220;{}&#8220;][et_pb_image src=&#8220;https:\/\/www.salvalacqua.com\/wp-content\/uploads\/2024\/02\/compact-2.png&#8220; alt=&#8220;COMPAT 2 \/ 3&#8243; title_text=&#8220;compact-2&#8243; _builder_version=&#8220;4.24.2&#8243; _module_preset=&#8220;default&#8220; max_height=&#8220;400px&#8220; scroll_fade_enable=&#8220;on&#8220; scroll_fade=&#8220;0|50|50|100|0|100|0%&#8220; global_colors_info=&#8220;{}&#8220;][\/et_pb_image][\/et_pb_column][et_pb_column type=&#8220;2_3&#8243; _builder_version=&#8220;4.24.2&#8243; _module_preset=&#8220;default&#8220; global_colors_info=&#8220;{}&#8220;][et_pb_text _builder_version=&#8220;4.24.2&#8243; _module_preset=&#8220;default&#8220; header_2_font=&#8220;|||on|||||&#8220; header_2_text_color=&#8220;#0262A7&#8243; custom_padding=&#8220;8px||||false|false&#8220; global_colors_info=&#8220;{}&#8220;]<\/p>\n<h2>LINIE COMPAT<\/h2>\n<p>[\/et_pb_text][et_pb_text _builder_version=&#8220;4.24.2&#8243; _module_preset=&#8220;default&#8220; custom_margin=&#8220;||||false|false&#8220; custom_padding=&#8220;||40px||false|false&#8220; border_color_bottom=&#8220;#0262A7&#8243; global_colors_info=&#8220;{}&#8220;]<\/p>\n<h4>ECONOMIZER F\u00dcR KLEINE R\u00c4UME<\/h4>\n<p>Kompakte Economizer mit einem einzigen Aufbau, der sowohl den Speicher als auch die K\u00fchleinheit umfasst. <br \/>F\u00fcr den korrekten Betrieb ben\u00f6tigen sie einen garantierten Lufteingang und einen Warmluftabzug durch eine Leitung nach au\u00dfen.<\/p>\n<p>[\/et_pb_text][et_pb_button button_url=&#8220;@ET-DC@eyJkeW5hbWljIjp0cnVlLCJjb250ZW50IjoicG9zdF9saW5rX3VybF9wYWdlIiwic2V0dGluZ3MiOnsicG9zdF9pZCI6IjM3MDczMSJ9fQ==@&#8220; button_text=&#8220;Zu den Produktdetails&#8220; _builder_version=&#8220;4.24.2&#8243; _dynamic_attributes=&#8220;button_url&#8220; _module_preset=&#8220;default&#8220; global_colors_info=&#8220;{}&#8220;][\/et_pb_button][\/et_pb_column][\/et_pb_row][et_pb_row _builder_version=&#8220;4.24.2&#8243; _module_preset=&#8220;default&#8220; scroll_vertical_motion_enable=&#8220;on&#8220; scroll_vertical_motion=&#8220;0|50|50|100|1|0|0&#8243; global_colors_info=&#8220;{}&#8220;][et_pb_column type=&#8220;4_4&#8243; _builder_version=&#8220;4.24.2&#8243; _module_preset=&#8220;default&#8220; global_colors_info=&#8220;{}&#8220;][et_pb_cta title=&#8220;Ma\u00dfgeschneiderte Linie&#8220; button_url=&#8220;@ET-DC@eyJkeW5hbWljIjp0cnVlLCJjb250ZW50IjoicG9zdF9saW5rX3VybF9wYWdlIiwic2V0dGluZ3MiOnsicG9zdF9pZCI6IjM3MDkwOSJ9fQ==@&#8220; button_text=&#8220;Kontakt&#8220; _builder_version=&#8220;4.24.2&#8243; _dynamic_attributes=&#8220;button_url&#8220; _module_preset=&#8220;default&#8220; background_image=&#8220;https:\/\/www.salvalacqua.com\/wp-content\/uploads\/2024\/02\/infinite-water.png&#8220; background_size=&#8220;initial&#8220; background_blend=&#8220;multiply&#8220; custom_button=&#8220;on&#8220; button_text_color=&#8220;#FFFFFF&#8220; button_bg_color=&#8220;#12395B&#8220; button_border_width=&#8220;0px&#8220; button_border_radius=&#8220;0px&#8220; button_font=&#8220;|||on|||||&#8220; button_alignment=&#8220;center&#8220; border_radii=&#8220;on|20px|20px|20px|20px&#8220; global_colors_info=&#8220;{}&#8220;]<\/p>\n<p>Ma\u00dfgeschneiderte L\u00f6sungen<\/p>\n<p>[\/et_pb_cta][\/et_pb_column][\/et_pb_row][\/et_pb_section]<\/p>\n","protected":false},"excerpt":{"rendered":"<p>Wie man w\u00e4hltLINIE SLQECONOMIZER MIT EXTERNER K\u00dcHLEINHEIT Die Modelle bestehen aus 2 Einheiten: 1 internen (Ger\u00e4t) und 1 externen (Chiller), um k\u00fchlen und die W\u00e4rme nach au\u00dfen ableiten zu k\u00f6nnen.LINIE KUBEECONOMIZER MIT INTERNER K\u00dcHLEINHEIT Die Modelle bestehen aus 2 Einheiten, die beide intern angebracht sind. Die K\u00fchleinheit (Chiller) braucht f\u00fcr den korrekten Betrieb einen Lufteintritt [&hellip;]<\/p>\n","protected":false},"author":1,"featured_media":0,"parent":0,"menu_order":0,"comment_status":"closed","ping_status":"closed","template":"","meta":{"_et_pb_use_builder":"on","_et_pb_old_content":"","_et_gb_content_width":"","rank_math_lock_modified_date":false,"footnotes":""},"class_list":["post-371168","page","type-page","status-publish","hentry"],"_links":{"self":[{"href":"https:\/\/www.salvalacqua.com\/de\/wp-json\/wp\/v2\/pages\/371168","targetHints":{"allow":["GET"]}}],"collection":[{"href":"https:\/\/www.salvalacqua.com\/de\/wp-json\/wp\/v2\/pages"}],"about":[{"href":"https:\/\/www.salvalacqua.com\/de\/wp-json\/wp\/v2\/types\/page"}],"author":[{"embeddable":true,"href":"https:\/\/www.salvalacqua.com\/de\/wp-json\/wp\/v2\/users\/1"}],"replies":[{"embeddable":true,"href":"https:\/\/www.salvalacqua.com\/de\/wp-json\/wp\/v2\/comments?post=371168"}],"version-history":[{"count":16,"href":"https:\/\/www.salvalacqua.com\/de\/wp-json\/wp\/v2\/pages\/371168\/revisions"}],"predecessor-version":[{"id":371912,"href":"https:\/\/www.salvalacqua.com\/de\/wp-json\/wp\/v2\/pages\/371168\/revisions\/371912"}],"wp:attachment":[{"href":"https:\/\/www.salvalacqua.com\/de\/wp-json\/wp\/v2\/media?parent=371168"}],"curies":[{"name":"wp","href":"https:\/\/api.w.org\/{rel}","templated":true}]}}