{"id":371159,"date":"2024-03-01T10:36:59","date_gmt":"2024-03-01T09:36:59","guid":{"rendered":"https:\/\/www.salvalacqua.com\/so-funktioniert-salvalacqua\/"},"modified":"2024-04-16T15:32:28","modified_gmt":"2024-04-16T13:32:28","slug":"so-funktioniert-salvalacqua","status":"publish","type":"page","link":"https:\/\/www.salvalacqua.com\/de\/so-funktioniert-salvalacqua\/","title":{"rendered":"So funktioniert SALVALACQUA"},"content":{"rendered":"<p>[et_pb_section fb_built=&#8220;1&#8243; admin_label=&#8220;Section&#8220; _builder_version=&#8220;4.24.2&#8243; _module_preset=&#8220;default&#8220; background_color=&#8220;#FFFFFF&#8220; custom_margin=&#8220;||||false|false&#8220; custom_padding=&#8220;7vh||7vh||true|false&#8220; da_disable_devices=&#8220;off|off|off&#8220; border_color_bottom=&#8220;#0262A7&#8243; global_colors_info=&#8220;{}&#8220; da_is_popup=&#8220;off&#8220; da_exit_intent=&#8220;off&#8220; da_has_close=&#8220;on&#8220; da_alt_close=&#8220;off&#8220; da_dark_close=&#8220;off&#8220; da_not_modal=&#8220;on&#8220; da_is_singular=&#8220;off&#8220; da_with_loader=&#8220;off&#8220; da_has_shadow=&#8220;on&#8220;][et_pb_row column_structure=&#8220;1_4,3_4&#8243; use_custom_gutter=&#8220;on&#8220; gutter_width=&#8220;2&#8243; module_class=&#8220;et-hover-container&#8220; _builder_version=&#8220;4.24.0&#8243; _module_preset=&#8220;default&#8220; width=&#8220;100%&#8220; max_width=&#8220;70%&#8220; max_width_tablet=&#8220;80%&#8220; max_width_phone=&#8220;90%&#8220; max_width_last_edited=&#8220;on|desktop&#8220; overflow-x=&#8220;visible&#8220; overflow-y=&#8220;visible&#8220; custom_padding=&#8220;7vh|4vw|0px|4vw|false|true&#8220; global_colors_info=&#8220;{}&#8220;][et_pb_column type=&#8220;1_4&#8243; _builder_version=&#8220;4.24.0&#8243; _module_preset=&#8220;default&#8220; global_colors_info=&#8220;{}&#8220;][et_pb_text _builder_version=&#8220;4.24.2&#8243; _module_preset=&#8220;default&#8220; header_font=&#8220;|700||on|||||&#8220; header_text_color=&#8220;#0262A7&#8243; header_font_size=&#8220;50px&#8220; custom_css_free_form=&#8220;h1 span { border: 8px solid #ffc600; padding: 0px 10px; border-radius: 8px}&#8220; global_colors_info=&#8220;{}&#8220;]<\/p>\n<h1>Wie es funktioniert<\/h1>\n<p>[\/et_pb_text][\/et_pb_column][et_pb_column type=&#8220;3_4&#8243; _builder_version=&#8220;4.24.0&#8243; _module_preset=&#8220;default&#8220; global_colors_info=&#8220;{}&#8220;][et_pb_text _builder_version=&#8220;4.24.2&#8243; _module_preset=&#8220;default&#8220; custom_margin=&#8220;||||false|false&#8220; custom_padding=&#8220;||40px||false|false&#8220; border_width_bottom=&#8220;4px&#8220; border_color_bottom=&#8220;#0262A7&#8243; global_colors_info=&#8220;{}&#8220;]<\/p>\n<p>Das <strong>System SALVALACQUA<\/strong> ist ein geschlossener Kreis mit geschlossenem Beh\u00e4lter mit Wasser oder Wasser und Frostschutzmittel, das <strong>nicht verdampft, sich nicht entleert und keinen Kalk erzeugt<\/strong>.<\/p>\n<p>Eine K\u00fchleinheit (Chiller), die sowohl extern als auch intern installiert werden kann, k\u00fchlt das Wasser in einem Tank in der Inneneinheit und h\u00e4lt es <strong>konstant bei einer Temperatur von 12\u00b0-14\u00b0 C<\/strong>.<\/p>\n<p>Die <strong>Inverterpumpe<\/strong> bringt das Wasser vom Tank zu den Produktionsmaschinen und garantiert so beste Energieeffizienz<\/p>\n<p>F\u00fcr alle wassergek\u00fchlten K\u00e4ltemaschinen ist der <strong>Economizer SALVALACQUA<\/strong> das beste K\u00fchlsystem. Es wird kein Trinkwasser mehr verbraucht und die <strong>Einsparung betr\u00e4gt 100 %<\/strong>, weil immer das gleiche Wasser verwendet wird, ohne dass ein dauerhafter Anschluss an das Wassernetz bestehen muss <\/p>\n<p>[\/et_pb_text][et_pb_text _builder_version=&#8220;4.24.2&#8243; _module_preset=&#8220;default&#8220; header_2_font=&#8220;|||on|||||&#8220; header_2_text_color=&#8220;#0262A7&#8243; custom_padding=&#8220;8px||||false|false&#8220; global_colors_info=&#8220;{}&#8220;]<\/p>\n<h2>SLQ V System Beispiel<\/h2>\n<p>[\/et_pb_text][torq_hotspot image=&#8220;https:\/\/www.salvalacqua.com\/wp-content\/uploads\/2024\/03\/salvalacqua-linea-slqv.jpg&#8220; spot_height=&#8220;35px&#8220; spot_width=&#8220;35px&#8220; spot_bg_color=&#8220;#0262A7&#8243; tp_alignment=&#8220;center&#8220; tp_width=&#8220;200px&#8220; tp_padding=&#8220;0px|15px|10px|15px|false|false&#8220; tp_arrow_color=&#8220;#0262A7&#8243; tooltip_bg_color=&#8220;#0262A7&#8243; tp_title_spacing=&#8220;10px&#8220; _builder_version=&#8220;4.24.2&#8243; _module_preset=&#8220;default&#8220; spot_text_color=&#8220;#FFFFFF&#8220; title_font=&#8220;|||on|||||&#8220; title_font_size=&#8220;16px&#8220; custom_padding=&#8220;||||false|false&#8220; hover_enabled=&#8220;0&#8243; border_color_all_spot=&#8220;RGBA(255,255,255,0)&#8220; box_shadow_style_main=&#8220;preset4&#8243; box_shadow_color_main=&#8220;#0262A7&#8243; global_colors_info=&#8220;{}&#8220; sticky_enabled=&#8220;0&#8243;][torq_hotspot_child spot_type=&#8220;text&#8220; spot_text=&#8220;3&#8243; tooltip_title=&#8220;Eismaschinen&#8220; use_animation=&#8220;on&#8220; spot_offset_y=&#8220;45%&#8220; spot_offset_x=&#8220;45%&#8220; tooltip_placement=&#8220;top&#8220; spot_bg_color=&#8220;#0262A7&#8243; tp_alignment=&#8220;center&#8220; tp_padding=&#8220;1px||5px||false|false&#8220; tp_arrow_color=&#8220;#0262A7&#8243; tooltip_bg_color=&#8220;#0262A7&#8243; _builder_version=&#8220;4.24.2&#8243; _module_preset=&#8220;default&#8220; spot_font=&#8220;|700|||||||&#8220; spot_line_height=&#8220;1em&#8220; custom_margin=&#8220;||||false|false&#8220; custom_padding=&#8220;||||false|false&#8220; hover_enabled=&#8220;0&#8243; global_colors_info=&#8220;{}&#8220; sticky_enabled=&#8220;0&#8243;][\/torq_hotspot_child][torq_hotspot_child spot_type=&#8220;text&#8220; spot_text=&#8220;2&#8243; tooltip_title=&#8220;Salvalacqua SLQ V&#8220; use_animation=&#8220;on&#8220; spot_offset_y=&#8220;77%&#8220; spot_offset_x=&#8220;31%&#8220; tooltip_placement=&#8220;top&#8220; spot_bg_color=&#8220;#0262A7&#8243; tp_alignment=&#8220;center&#8220; tp_padding=&#8220;1px||5px||false|false&#8220; tp_arrow_color=&#8220;#0262A7&#8243; tooltip_bg_color=&#8220;#0262A7&#8243; _builder_version=&#8220;4.24.2&#8243; _module_preset=&#8220;default&#8220; spot_font=&#8220;|700|||||||&#8220; global_colors_info=&#8220;{}&#8220;][\/torq_hotspot_child][torq_hotspot_child spot_type=&#8220;text&#8220; spot_text=&#8220;1&#8243; tooltip_title=&#8220;K\u00fchler&#8220; use_animation=&#8220;on&#8220; spot_offset_y=&#8220;62%&#8220; spot_offset_x=&#8220;5%&#8220; tooltip_placement=&#8220;top&#8220; spot_bg_color=&#8220;#0262A7&#8243; tp_alignment=&#8220;center&#8220; tp_padding=&#8220;1px||5px||false|false&#8220; tp_arrow_color=&#8220;#0262A7&#8243; tooltip_bg_color=&#8220;#0262A7&#8243; _builder_version=&#8220;4.24.2&#8243; _module_preset=&#8220;default&#8220; spot_font=&#8220;|700|||||||&#8220; hover_enabled=&#8220;0&#8243; global_colors_info=&#8220;{}&#8220; sticky_enabled=&#8220;0&#8243;][\/torq_hotspot_child][torq_hotspot_child spot_type=&#8220;text&#8220; spot_text=&#8220;4&#8243; tooltip_title=&#8220;Vitrinen f\u00fcr die Ausstellung&#8220; use_animation=&#8220;on&#8220; spot_offset_y=&#8220;39%&#8220; spot_offset_x=&#8220;80%&#8220; tooltip_placement=&#8220;top&#8220; spot_bg_color=&#8220;#0262A7&#8243; tp_alignment=&#8220;center&#8220; tp_padding=&#8220;1px||5px||false|false&#8220; tp_arrow_color=&#8220;#0262A7&#8243; tooltip_bg_color=&#8220;#0262A7&#8243; _builder_version=&#8220;4.24.2&#8243; _module_preset=&#8220;default&#8220; spot_font=&#8220;|700|||||||&#8220; hover_enabled=&#8220;0&#8243; global_colors_info=&#8220;{}&#8220; sticky_enabled=&#8220;0&#8243;][\/torq_hotspot_child][torq_hotspot_child spot_type=&#8220;text&#8220; spot_text=&#8220;Eisdiele&#8220; spot_offset_y=&#8220;12%&#8220; spot_offset_x=&#8220;76%&#8220; spot_width=&#8220;112px&#8220; spot_icon_color=&#8220;#0262A7&#8243; spot_icon_size=&#8220;0px&#8220; spot_bg_color=&#8220;#FFFFFF&#8220; _builder_version=&#8220;4.24.2&#8243; _module_preset=&#8220;default&#8220; spot_text_color=&#8220;#12395B&#8220; hover_enabled=&#8220;0&#8243; border_radii_spot=&#8220;on|0%|0%|0%|0%&#8220; box_shadow_style_spot=&#8220;preset4&#8243; box_shadow_horizontal_spot=&#8220;5px&#8220; box_shadow_vertical_spot=&#8220;5px&#8220; global_colors_info=&#8220;{}&#8220; sticky_enabled=&#8220;0&#8243;][\/torq_hotspot_child][torq_hotspot_child spot_type=&#8220;text&#8220; spot_text=&#8220;Werkstatt&#8220; spot_offset_y=&#8220;12%&#8220; spot_offset_x=&#8220;35%&#8220; spot_width=&#8220;112px&#8220; spot_icon_color=&#8220;#0262A7&#8243; spot_icon_size=&#8220;0px&#8220; spot_bg_color=&#8220;#FFFFFF&#8220; _builder_version=&#8220;4.24.2&#8243; _module_preset=&#8220;default&#8220; spot_text_color=&#8220;#12395B&#8220; hover_enabled=&#8220;0&#8243; border_radii_spot=&#8220;on|0%|0%|0%|0%&#8220; box_shadow_style_spot=&#8220;preset4&#8243; box_shadow_horizontal_spot=&#8220;5px&#8220; box_shadow_vertical_spot=&#8220;5px&#8220; global_colors_info=&#8220;{}&#8220; sticky_enabled=&#8220;0&#8243;][\/torq_hotspot_child][\/torq_hotspot][\/et_pb_column][\/et_pb_row][\/et_pb_section]<\/p>\n","protected":false},"excerpt":{"rendered":"<p>Wie es funktioniertDas System SALVALACQUA ist ein geschlossener Kreis mit geschlossenem Beh\u00e4lter mit Wasser oder Wasser und Frostschutzmittel, das nicht verdampft, sich nicht entleert und keinen Kalk erzeugt. Eine K\u00fchleinheit (Chiller), die sowohl extern als auch intern installiert werden kann, k\u00fchlt das Wasser in einem Tank in der Inneneinheit und h\u00e4lt es konstant bei einer [&hellip;]<\/p>\n","protected":false},"author":1,"featured_media":0,"parent":0,"menu_order":0,"comment_status":"closed","ping_status":"closed","template":"","meta":{"_et_pb_use_builder":"on","_et_pb_old_content":"","_et_gb_content_width":"","rank_math_lock_modified_date":false,"footnotes":""},"class_list":["post-371159","page","type-page","status-publish","hentry"],"_links":{"self":[{"href":"https:\/\/www.salvalacqua.com\/de\/wp-json\/wp\/v2\/pages\/371159","targetHints":{"allow":["GET"]}}],"collection":[{"href":"https:\/\/www.salvalacqua.com\/de\/wp-json\/wp\/v2\/pages"}],"about":[{"href":"https:\/\/www.salvalacqua.com\/de\/wp-json\/wp\/v2\/types\/page"}],"author":[{"embeddable":true,"href":"https:\/\/www.salvalacqua.com\/de\/wp-json\/wp\/v2\/users\/1"}],"replies":[{"embeddable":true,"href":"https:\/\/www.salvalacqua.com\/de\/wp-json\/wp\/v2\/comments?post=371159"}],"version-history":[{"count":15,"href":"https:\/\/www.salvalacqua.com\/de\/wp-json\/wp\/v2\/pages\/371159\/revisions"}],"predecessor-version":[{"id":371929,"href":"https:\/\/www.salvalacqua.com\/de\/wp-json\/wp\/v2\/pages\/371159\/revisions\/371929"}],"wp:attachment":[{"href":"https:\/\/www.salvalacqua.com\/de\/wp-json\/wp\/v2\/media?parent=371159"}],"curies":[{"name":"wp","href":"https:\/\/api.w.org\/{rel}","templated":true}]}}